{"id":609,"date":"2017-03-03T03:33:20","date_gmt":"2017-03-03T03:33:20","guid":{"rendered":"https:\/\/demo.themeftc.com\/foodstore\/\/?page_id=609"},"modified":"2020-01-13T14:44:13","modified_gmt":"2020-01-13T13:44:13","slug":"cistella","status":"publish","type":"page","link":"https:\/\/www.arnall.cat\/es\/cistella\/","title":{"rendered":"Cistella"},"content":{"rendered":"<p>[vc_row css=&#8221;.vc_custom_1500565776141{margin-bottom: 10px !important;}&#8221;][vc_column]<div class=\"woocommerce\"><div class=\"woocommerce-notices-wrapper\"><\/div>\n<form class=\"woocommerce-cart-form\" action=\"https:\/\/www.arnall.cat\/es\/cistella\/\" method=\"post\">\n\t\n\t<table class=\"shop_table shop_table_responsive cart woocommerce-cart-form__contents\" cellspacing=\"0\">\n\t\t<thead>\n\t\t\t<tr>\n\t\t\t\t<th class=\"product-remove\">&nbsp;<\/th>\n\t\t\t\t<th class=\"product-thumbnail\">&nbsp;<\/th>\n\t\t\t\t<th class=\"product-name\">Producto<\/th>\n\t\t\t\t<th class=\"product-price\">Precio<\/th>\n\t\t\t\t<th class=\"product-quantity\">Cantidad<\/th>\n\t\t\t\t<th class=\"product-subtotal\">Subtotal<\/th>\n\t\t\t<\/tr>\n\t\t<\/thead>\n\t\t<tbody>\n\t\t\t\n\t\t\t\t\t\t\t\t<tr class=\"woocommerce-cart-form__cart-item cart_item\">\n\n\t\t\t\t\t\t<td class=\"product-remove\">\n\t\t\t\t\t\t\t<a href=\"https:\/\/www.arnall.cat\/es\/cistella\/?remove_item=7bcd91571fc1119e87d81e1054255e73&#038;_wpnonce=bef869af70\" class=\"remove\" aria-label=\"Borrar este art\u00edculo\" data-product_id=\"6895\" data-product_sku=\"005110\">&times;<\/a>\t\t\t\t\t\t<\/td>\n\n\t\t\t\t\t\t<td class=\"product-thumbnail\">\n\t\t\t\t\t\t<a href=\"https:\/\/www.arnall.cat\/es\/product\/bio-crema-carbasso\/\"><img loading=\"lazy\" decoding=\"async\" width=\"300\" height=\"300\" src=\"https:\/\/www.arnall.cat\/wp-content\/uploads\/2020\/03\/Prestatgeria-23-300x300.jpg\" class=\"attachment-woocommerce_thumbnail size-woocommerce_thumbnail\" alt=\"\" srcset=\"https:\/\/www.arnall.cat\/wp-content\/uploads\/2020\/03\/Prestatgeria-23-300x300.jpg 300w, https:\/\/www.arnall.cat\/wp-content\/uploads\/2020\/03\/Prestatgeria-23-1024x1024.jpg 1024w, https:\/\/www.arnall.cat\/wp-content\/uploads\/2020\/03\/Prestatgeria-23-150x150.jpg 150w, https:\/\/www.arnall.cat\/wp-content\/uploads\/2020\/03\/Prestatgeria-23-768x768.jpg 768w, https:\/\/www.arnall.cat\/wp-content\/uploads\/2020\/03\/Prestatgeria-23-610x610.jpg 610w, https:\/\/www.arnall.cat\/wp-content\/uploads\/2020\/03\/Prestatgeria-23-100x100.jpg 100w, https:\/\/www.arnall.cat\/wp-content\/uploads\/2020\/03\/Prestatgeria-23-600x600.jpg 600w, https:\/\/www.arnall.cat\/wp-content\/uploads\/2020\/03\/Prestatgeria-23.jpg 1080w\" sizes=\"(max-width: 300px) 100vw, 300px\" \/><\/a>\t\t\t\t\t\t<\/td>\n\n\t\t\t\t\t\t<td class=\"product-name\" data-title=\"Producto\">\n\t\t\t\t\t\t<a href=\"https:\/\/www.arnall.cat\/es\/product\/bio-crema-carbasso\/\">BIO CREMA CARBASSO<\/a>\t\t\t\t\t\t<\/td>\n\n\t\t\t\t\t\t<td class=\"product-price\" data-title=\"Precio\">\n\t\t\t\t\t\t\t<span class=\"woocommerce-Price-amount amount\">4.50&nbsp;<span class=\"woocommerce-Price-currencySymbol\">&euro;<\/span><\/span>\t\t\t\t\t\t<\/td>\n\n\t\t\t\t\t\t<td class=\"product-quantity\" data-title=\"Cantidad\">\n\t\t\t\t\t\t<div class=\"quantity\">\n   <div class=\"quantity-title\">Cantidad:<\/div>\n\t<input type=\"button\" value=\"-\" class=\"minus\" \/>\n\t<input type=\"number\" step=\"1\" min=\"0\" max=\"\" name=\"cart[7bcd91571fc1119e87d81e1054255e73][qty]\" value=\"1\" title=\"Qty\" class=\"input-text qty text\" size=\"4\" pattern=\"\" inputmode=\"\" \/>\n\t<input type=\"button\" value=\"+\" class=\"plus\" \/>\n<\/div>\n\t\t\t\t\t\t<\/td>\n\n\t\t\t\t\t\t<td class=\"product-subtotal\" data-title=\"Subtotal\">\n\t\t\t\t\t\t\t<span class=\"woocommerce-Price-amount amount\">4.50&nbsp;<span class=\"woocommerce-Price-currencySymbol\">&euro;<\/span><\/span>\t\t\t\t\t\t<\/td>\n\t\t\t\t\t<\/tr>\n\t\t\t\t\t\n\t\t\t\n\t\t\t<tr>\n\t\t\t\t<td colspan=\"6\" class=\"actions\">\n\n\t\t\t\t\t\n\t\t\t\t\t<button type=\"submit\" class=\"button\" name=\"update_cart\" value=\"Actualizar carrito\">Actualizar carrito<\/button>\n\n\t\t\t\t\t\n\t\t\t\t\t<input type=\"hidden\" id=\"woocommerce-cart-nonce\" name=\"woocommerce-cart-nonce\" value=\"bef869af70\" \/><input type=\"hidden\" name=\"_wp_http_referer\" value=\"\/es\/wp-json\/wp\/v2\/pages\/609\" \/>\t\t\t\t<\/td>\n\t\t\t<\/tr>\n\n\t\t\t\t\t<\/tbody>\n\t<\/table>\n\t<\/form>\n\n\n<div class=\"cart-collaterals\">\n\t<div class=\"cart_totals \">\n\n\t\n\t<h2>Total del carrito<\/h2>\n\n\t<table cellspacing=\"0\" class=\"shop_table shop_table_responsive\">\n\n\t\t<tr class=\"cart-subtotal\">\n\t\t\t<th>Subtotal<\/th>\n\t\t\t<td data-title=\"Subtotal\"><span class=\"woocommerce-Price-amount amount\">4.50&nbsp;<span class=\"woocommerce-Price-currencySymbol\">&euro;<\/span><\/span><\/td>\n\t\t<\/tr>\n\n\t\t\n\t\t\n\t\t\t\n\t\t\t<!-- this row will be hidded by the plugin - airebros-->\n<tr class=\"woocommerce-shipping-totals shipping\">\n\t<th>Env\u00edo<\/th>\n\t<td data-title=\"Env\u00edo\">\n\t\t\n\t\t\t\t\t<ul id=\"shipping_method\" class=\"woocommerce-shipping-methods\">\n\n\t\t\t\t\t\t\t\t\t\t\t\t\t\t\t\t\t\t\n\t\t\t\t\t\n\t\t\t\t\t<li>\n\t\t\t\t\t\t\n\t\t\t\t\t\t\t\t\t\t\t\t\t\t\t\t\n\t\t\t\t\t<p id=\"wc-local-pickup-plus-toggle-default-handling\">\n\t\t\t\t\t\t<span class=\"pickup-info textpickup\" ><span class=\"pickup-line\">A This item is for pickup.<\/span><br \/><a href=\"#\" class=\"toggle-default-handling ship button\">B Click if you want to ship this item<\/a><\/span>\n\n\t\t\t\t\t\t<span class=\"pickup-info \" style=\"display: none;\"><span class=\"pickup-line\">No podemos enviarle el producto a la direcci\u00f3n facilitada. Su c\u00f3digo postal no est\u00e1 incluido en nuestra ruta. Para cualquier duda, puede contactar con nosotros a info@arnall.cat o al telf. 972315548.<\/span><br \/><a href=\"#\" class=\"toggle-default-handling pickup button\">Haga click si quiere recogerlo en la tienda.<\/a><\/span>\n\t\t\t\t\t\t<br \/>\t\t\t\t\t<\/p>\n\t\t\t\t\t\n\t\t\t\t\t\t\t\t\t\t<\/li>\n\n\n\t\t\t\t\n\t\t\t\t\t\t\t<\/ul>\n\t\t\t\t\t\t\t<p class=\"woocommerce-shipping-destination\">\n\t\t\t\t\tEnviar a <strong>Girona<\/strong>. \t\t\t\t<\/p>\n\t\t\t\t\t\t\n\t\t\n\t\t\t\t\t\n<form class=\"woocommerce-shipping-calculator\" action=\"https:\/\/www.arnall.cat\/es\/cistella\/\" method=\"post\">\n\n\t<a href=\"#\" class=\"shipping-calculator-button\">Cambiar direcci\u00f3n<\/a>\n\t<section class=\"shipping-calculator-form\" style=\"display:none;\">\n\n\t\t\t\t\t<p class=\"form-row form-row-wide\" id=\"calc_shipping_country_field\">\n\t\t\t\t<select name=\"calc_shipping_country\" id=\"calc_shipping_country\" class=\"country_to_state country_select\" rel=\"calc_shipping_state\">\n\t\t\t\t\t<option value=\"\">Select a country&hellip;<\/option>\n\t\t\t\t\t<option value=\"AF\">Afganist\u00e1n<\/option><option value=\"AL\">Albania<\/option><option value=\"DE\">Alemania<\/option><option value=\"AD\">Andorra<\/option><option value=\"AO\">Angola<\/option><option value=\"AI\">Anguilla<\/option><option value=\"AQ\">Ant\u00e1rtida<\/option><option value=\"AG\">Antigua y Barbuda<\/option><option value=\"SA\">Arabia Saudita<\/option><option value=\"DZ\">Argelia<\/option><option value=\"AR\">Argentina<\/option><option value=\"AM\">Armenia<\/option><option value=\"AW\">Aruba<\/option><option value=\"AU\">Australia<\/option><option value=\"AT\">Austria<\/option><option value=\"AZ\">Azerbaijan<\/option><option value=\"BE\">B\u00e9lgica<\/option><option value=\"BS\">Bahamas<\/option><option value=\"BH\">Bahrain<\/option><option value=\"BD\">Bangladesh<\/option><option value=\"BB\">Barbados<\/option><option value=\"PW\">Belau<\/option><option value=\"BZ\">Belize<\/option><option value=\"BJ\">Benin<\/option><option value=\"BM\">Bermuda<\/option><option value=\"BT\">Bhutan<\/option><option value=\"BY\">Bielorrusia<\/option><option value=\"MM\">Birmania<\/option><option value=\"BO\">Bolivia<\/option><option value=\"BQ\">Bonaire, San Eustaquio y Saba<\/option><option value=\"BA\">Bosnia y Herzegovina<\/option><option value=\"BW\">Botswana<\/option><option value=\"BR\">Brasil<\/option><option value=\"BN\">Brun\u00e9i<\/option><option value=\"BG\">Bulgaria<\/option><option value=\"BF\">Burkina Faso<\/option><option value=\"BI\">Burundi<\/option><option value=\"CV\">Cabo Verde<\/option><option value=\"KH\">Camboya<\/option><option value=\"CM\">Camer\u00fan<\/option><option value=\"CA\">Canad\u00e1<\/option><option value=\"TD\">Chad<\/option><option value=\"CL\">Chile<\/option><option value=\"CN\">China<\/option><option value=\"CY\">Chipre<\/option><option value=\"VA\">Ciudad del Vaticano<\/option><option value=\"CO\">Colombia<\/option><option value=\"KM\">Comoras<\/option><option value=\"CG\">Congo (Brazzaville)<\/option><option value=\"CD\">Congo (Kinshasa)<\/option><option value=\"KP\">Corea del Norte<\/option><option value=\"KR\">Corea del Sur<\/option><option value=\"CR\">Costa Rica<\/option><option value=\"CI\">Costa de Marfil<\/option><option value=\"HR\">Croacia<\/option><option value=\"CU\">Cuba<\/option><option value=\"CW\">Cura&ccedil;ao<\/option><option value=\"DK\">Dinamarca<\/option><option value=\"DJ\">Djibouti<\/option><option value=\"DM\">Dominica<\/option><option value=\"EC\">Ecuador<\/option><option value=\"EG\">Egipto<\/option><option value=\"SV\">El Salvador<\/option><option value=\"AE\">Emiratos \u00c1rabes Unidos<\/option><option value=\"ER\">Eritrea<\/option><option value=\"SK\">Eslovaquia<\/option><option value=\"SI\">Eslovenia<\/option><option value=\"ES\" selected='selected'>Espa\u00f1a<\/option><option value=\"US\">Estados Unidos (EEUU)<\/option><option value=\"EE\">Estonia<\/option><option value=\"ET\">Etiop\u00eda<\/option><option value=\"PH\">Filipinas<\/option><option value=\"FI\">Finlandia<\/option><option value=\"FJ\">Fiyi<\/option><option value=\"FR\">Francia<\/option><option value=\"GA\">Gab\u00f3n<\/option><option value=\"GM\">Gambia<\/option><option value=\"GE\">Georgia<\/option><option value=\"GH\">Ghana<\/option><option value=\"GI\">Gibraltar<\/option><option value=\"GD\">Granada<\/option><option value=\"GR\">Grecia<\/option><option value=\"GL\">Groenlandia<\/option><option value=\"GP\">Guadalupe<\/option><option value=\"GU\">Guam<\/option><option value=\"GT\">Guatemala<\/option><option value=\"GF\">Guayana Francesa<\/option><option value=\"GG\">Guernsey<\/option><option value=\"GN\">Guinea<\/option><option value=\"GQ\">Guinea Ecuatorial<\/option><option value=\"GW\">Guinea-Bis\u00e1u<\/option><option value=\"GY\">Guyana<\/option><option value=\"HT\">Hait\u00ed<\/option><option value=\"HN\">Honduras<\/option><option value=\"HK\">Hong Kong<\/option><option value=\"HU\">Hungr\u00eda<\/option><option value=\"IN\">India<\/option><option value=\"ID\">Indonesia<\/option><option value=\"IR\">Ir\u00e1n<\/option><option value=\"IQ\">Irak<\/option><option value=\"IE\">Irlanda<\/option><option value=\"BV\">Isla Bouvet<\/option><option value=\"NF\">Isla Norfolk<\/option><option value=\"SH\">Isla Santa Elena<\/option><option value=\"IM\">Isla de Man<\/option><option value=\"CX\">Isla de Navidad<\/option><option value=\"IS\">Islandia<\/option><option value=\"AX\">Islas &#197;land<\/option><option value=\"KY\">Islas Caim\u00e1n<\/option><option value=\"CC\">Islas Cocos<\/option><option value=\"CK\">Islas Cook<\/option><option value=\"FO\">Islas Feroe<\/option><option value=\"GS\">Islas Georgias y Sandwich del Sur<\/option><option value=\"HM\">Islas Heard y McDonald<\/option><option value=\"FK\">Islas Malvinas<\/option><option value=\"MP\">Islas Marianas del Norte<\/option><option value=\"MH\">Islas Marshall<\/option><option value=\"SB\">Islas Salom\u00f3n<\/option><option value=\"TC\">Islas Turcas y Caicos<\/option><option value=\"VG\">Islas V\u00edrgenes (Brit\u00e1nicas)<\/option><option value=\"VI\">Islas V\u00edrgenes (EEUU)<\/option><option value=\"UM\">Islas de ultramar menores de Estados Unidos (EEUU)<\/option><option value=\"IL\">Israel<\/option><option value=\"IT\">Italia<\/option><option value=\"JM\">Jamaica<\/option><option value=\"JP\">Jap\u00f3n<\/option><option value=\"JE\">Jersey<\/option><option value=\"JO\">Jordania<\/option><option value=\"KZ\">Kazajist\u00e1n<\/option><option value=\"KE\">Kenia<\/option><option value=\"KG\">Kirguist\u00e1n<\/option><option value=\"KI\">Kiribati<\/option><option value=\"KW\">Kuwait<\/option><option value=\"LB\">L\u00edbano<\/option><option value=\"LA\">Laos<\/option><option value=\"LS\">Lesoto<\/option><option value=\"LV\">Letonia<\/option><option value=\"LR\">Liberia<\/option><option value=\"LY\">Libia<\/option><option value=\"LI\">Liechtenstein<\/option><option value=\"LT\">Lituania<\/option><option value=\"LU\">Luxemburgo<\/option><option value=\"MC\">M\u00f3naco<\/option><option value=\"MX\">M\u00e9xico<\/option><option value=\"MO\">Macao<\/option><option value=\"MK\">Macedonia del Norte<\/option><option value=\"MG\">Madagascar<\/option><option value=\"ML\">Mal\u00ed<\/option><option value=\"MY\">Malasia<\/option><option value=\"MW\">Malaui<\/option><option value=\"MV\">Maldivas<\/option><option value=\"MT\">Malta<\/option><option value=\"MA\">Marruecos<\/option><option value=\"MQ\">Martinica<\/option><option value=\"MU\">Mauricio<\/option><option value=\"MR\">Mauritania<\/option><option value=\"YT\">Mayotte<\/option><option value=\"FM\">Micronesia<\/option><option value=\"MD\">Moldavia<\/option><option value=\"MN\">Mongolia<\/option><option value=\"ME\">Montenegro<\/option><option value=\"MS\">Montserrat<\/option><option value=\"MZ\">Mozambique<\/option><option value=\"NE\">N\u00edger<\/option><option value=\"NA\">Namibia<\/option><option value=\"NR\">Nauru<\/option><option value=\"NP\">Nepal<\/option><option value=\"NI\">Nicaragua<\/option><option value=\"NG\">Nigeria<\/option><option value=\"NU\">Niue<\/option><option value=\"NO\">Noruega<\/option><option value=\"NC\">Nueva Caledonia<\/option><option value=\"NZ\">Nueva Zelanda<\/option><option value=\"OM\">Om\u00e1n<\/option><option value=\"NL\">Pa\u00edses Bajos<\/option><option value=\"PK\">Pakist\u00e1n<\/option><option value=\"PA\">Panam\u00e1<\/option><option value=\"PG\">Pap\u00faa Nueva Guinea<\/option><option value=\"PY\">Paraguay<\/option><option value=\"PE\">Per\u00fa<\/option><option value=\"PN\">Pitcairn<\/option><option value=\"PF\">Polinesia Francesa<\/option><option value=\"PL\">Polonia<\/option><option value=\"PT\">Portugal<\/option><option value=\"PR\">Puerto Rico<\/option><option value=\"QA\">Qatar<\/option><option value=\"GB\">Reino Unido (UK)<\/option><option value=\"CF\">Rep\u00fablica Centroafricana<\/option><option value=\"CZ\">Rep\u00fablica Checa<\/option><option value=\"DO\">Rep\u00fablica Dominicana<\/option><option value=\"RE\">Reuni\u00f3n<\/option><option value=\"RW\">Ruanda<\/option><option value=\"RO\">Rumania<\/option><option value=\"RU\">Rusia<\/option><option value=\"EH\">Sahara Occidental<\/option><option value=\"WS\">Samoa<\/option><option value=\"AS\">Samoa Americana<\/option><option value=\"BL\">San Bartolom\u00e9<\/option><option value=\"KN\">San Crist\u00f3bal y Nieves<\/option><option value=\"SM\">San Marino<\/option><option value=\"MF\">San Mart\u00edn (parte de Francia)<\/option><option value=\"SX\">San Mart\u00edn (parte de Holanda)<\/option><option value=\"PM\">San Pedro y Miquel\u00f3n<\/option><option value=\"VC\">San Vicente y las Granadinas<\/option><option value=\"LC\">Santa Luc\u00eda<\/option><option value=\"ST\">Santo Tom\u00e9 y Pr\u00edncipe<\/option><option value=\"SN\">Senegal<\/option><option value=\"RS\">Serbia<\/option><option value=\"SC\">Seychelles<\/option><option value=\"SL\">Sierra Leona<\/option><option value=\"SG\">Singapur<\/option><option value=\"SY\">Siria<\/option><option value=\"SO\">Somalia<\/option><option value=\"LK\">Sri Lanka<\/option><option value=\"SZ\">Suazilandia<\/option><option value=\"ZA\">Sud\u00e1frica<\/option><option value=\"SD\">Sud\u00e1n<\/option><option value=\"SS\">Sud\u00e1n del Sur<\/option><option value=\"SE\">Suecia<\/option><option value=\"CH\">Suiza<\/option><option value=\"SR\">Surinam<\/option><option value=\"SJ\">Svalbard y Jan Mayen<\/option><option value=\"TN\">T\u00fanez<\/option><option value=\"TH\">Tailandia<\/option><option value=\"TW\">Taiw\u00e1n<\/option><option value=\"TZ\">Tanzania<\/option><option value=\"TJ\">Tayikist\u00e1n<\/option><option value=\"IO\">Territorio Brit\u00e1nico del Oc\u00e9ano \u00cdndico<\/option><option value=\"PS\">Territorios Palestinos<\/option><option value=\"TF\">Territorios australes franceses<\/option><option value=\"TL\">Timor Oriental<\/option><option value=\"TG\">Togo<\/option><option value=\"TK\">Tokelau<\/option><option value=\"TO\">Tonga<\/option><option value=\"TT\">Trinidad y Tobago<\/option><option value=\"TM\">Turkmenist\u00e1n<\/option><option value=\"TR\">Turqu\u00eda<\/option><option value=\"TV\">Tuvalu<\/option><option value=\"UA\">Ucrania<\/option><option value=\"UG\">Uganda<\/option><option value=\"UY\">Uruguay<\/option><option value=\"UZ\">Uzbekist\u00e1n<\/option><option value=\"VU\">Vanuatu<\/option><option value=\"VE\">Venezuela<\/option><option value=\"VN\">Vietnam<\/option><option value=\"WF\">Wallis y Futuna<\/option><option value=\"YE\">Yemen<\/option><option value=\"ZM\">Zambia<\/option><option value=\"ZW\">Zimbabue<\/option>\t\t\t\t<\/select>\n\t\t\t<\/p>\n\t\t\n\t\t\t\t\t<p class=\"form-row form-row-wide\" id=\"calc_shipping_state_field\">\n\t\t\t\t\t\t\t\t\t<span>\n\t\t\t\t\t\t<select name=\"calc_shipping_state\" class=\"state_select\" id=\"calc_shipping_state\" data-placeholder=\"Regi\u00f3n \/ Provincia\">\n\t\t\t\t\t\t\t<option value=\"\">Elige una opci\u00f3n&hellip;<\/option>\n\t\t\t\t\t\t\t<option value=\"C\" >A Coru&ntilde;a<\/option><option value=\"VI\" >Araba\/&Aacute;lava<\/option><option value=\"AB\" >Albacete<\/option><option value=\"A\" >Alicante<\/option><option value=\"AL\" >Almer&iacute;a<\/option><option value=\"O\" >Asturias<\/option><option value=\"AV\" >&Aacute;vila<\/option><option value=\"BA\" >Badajoz<\/option><option value=\"PM\" >Baleares<\/option><option value=\"B\" >Barcelona<\/option><option value=\"BU\" >Burgos<\/option><option value=\"CC\" >C&aacute;ceres<\/option><option value=\"CA\" >C&aacute;diz<\/option><option value=\"S\" >Cantabria<\/option><option value=\"CS\" >Castell&oacute;n<\/option><option value=\"CE\" >Ceuta<\/option><option value=\"CR\" >Ciudad Real<\/option><option value=\"CO\" >C\u00f3rdoba<\/option><option value=\"CU\" >Cuenca<\/option><option value=\"GI\"  selected='selected'>Girona<\/option><option value=\"GR\" >Granada<\/option><option value=\"GU\" >Guadalajara<\/option><option value=\"SS\" >Gipuzkoa<\/option><option value=\"H\" >Huelva<\/option><option value=\"HU\" >Huesca<\/option><option value=\"J\" >Ja&eacute;n<\/option><option value=\"LO\" >La Rioja<\/option><option value=\"GC\" >Las Palmas<\/option><option value=\"LE\" >Le&oacute;n<\/option><option value=\"L\" >Lleida<\/option><option value=\"LU\" >Lugo<\/option><option value=\"M\" >Madrid<\/option><option value=\"MA\" >M&aacute;laga<\/option><option value=\"ML\" >Melilla<\/option><option value=\"MU\" >Murcia<\/option><option value=\"NA\" >Navarra<\/option><option value=\"OR\" >Ourense<\/option><option value=\"P\" >Palencia<\/option><option value=\"PO\" >Pontevedra<\/option><option value=\"SA\" >Salamanca<\/option><option value=\"TF\" >Santa Cruz de Tenerife<\/option><option value=\"SG\" >Segovia<\/option><option value=\"SE\" >Sevilla<\/option><option value=\"SO\" >Soria<\/option><option value=\"T\" >Tarragona<\/option><option value=\"TE\" >Teruel<\/option><option value=\"TO\" >Toledo<\/option><option value=\"V\" >Valencia<\/option><option value=\"VA\" >Valladolid<\/option><option value=\"BI\" >Bizkaia<\/option><option value=\"ZA\" >Zamora<\/option><option value=\"Z\" >Zaragoza<\/option>\t\t\t\t\t\t<\/select>\n\t\t\t\t\t<\/span>\n\t\t\t\t\t\t\t\t<\/p>\n\t\t\n\t\t\t\t\t<p class=\"form-row form-row-wide\" id=\"calc_shipping_city_field\">\n\t\t\t\t<input type=\"text\" class=\"input-text\" value=\"\" placeholder=\"Ciudad\" name=\"calc_shipping_city\" id=\"calc_shipping_city\" \/>\n\t\t\t<\/p>\n\t\t\n\t\t\t\t\t<p class=\"form-row form-row-wide\" id=\"calc_shipping_postcode_field\">\n\t\t\t\t<input type=\"text\" class=\"input-text\" value=\"\" placeholder=\"C\u00f3digo postal\" name=\"calc_shipping_postcode\" id=\"calc_shipping_postcode\" \/>\n\t\t\t<\/p>\n\t\t\n\t\t<p><button type=\"submit\" name=\"calc_shipping\" value=\"1\" class=\"button\">Actualizar<\/button><\/p>\n\t\t<input type=\"hidden\" id=\"woocommerce-shipping-calculator-nonce\" name=\"woocommerce-shipping-calculator-nonce\" value=\"093b2a492a\" \/><input type=\"hidden\" name=\"_wp_http_referer\" value=\"\/es\/wp-json\/wp\/v2\/pages\/609\" \/>\t<\/section>\n<\/form>\n\n\t\t\t<\/td>\n<\/tr>\n\n\t\t\t\n\t\t\n\t\t\n\t\t\n\t\t\n\t\t<tr class=\"order-total\">\n\t\t\t<th>Total<\/th>\n\t\t\t<td data-title=\"Total\">\n\t\t\t\t\t<strong><span class=\"woocommerce-Price-amount amount\">4.50&nbsp;<span class=\"woocommerce-Price-currencySymbol\">&euro;<\/span><\/span><\/strong> \t\t\t\t\t\n\t\t\t<\/td>\n\t\t<\/tr>\n\n\t\t\n\t<\/table>\n\n\t<div class=\"wc-proceed-to-checkout\">\n\t\t<a href=\"https:\/\/www.arnall.cat\/es\/productes\/\" class=\"button button-secondary\">Continuar comprando<\/a>\n<a href=\"https:\/\/www.arnall.cat\/es\/checkout\/\" class=\"checkout-button button alt wc-forward\">\n\tFinalizar compra<\/a>\n\n<a href=\"javascript:history.go(-2)\" class=\"button continue-shipping-button\">\n    Continuar comprando<\/a>\n\t<\/div>\n\n\t\n<\/div>\n<\/div>\n\n<\/div>[\/vc_column][\/vc_row] <\/p>\n","protected":false},"excerpt":{"rendered":"<p>[vc_row css=&#8221;.vc_custom_1500565776141{margin-bottom: 10px !important;}&#8221;][vc_column][\/vc_column][\/vc_row]<\/p>\n","protected":false},"author":1,"featured_media":0,"parent":0,"menu_order":0,"comment_status":"closed","ping_status":"closed","template":"","meta":{"footnotes":""},"class_list":["post-609","page","type-page","status-publish","hentry"],"yoast_head":"<!-- This site is optimized with the Yoast SEO plugin v24.1 - https:\/\/yoast.com\/wordpress\/plugins\/seo\/ -->\n<title>Cistella - Arnall<\/title>\n<meta name=\"robots\" content=\"index, follow, max-snippet:-1, max-image-preview:large, max-video-preview:-1\" \/>\n<link rel=\"canonical\" href=\"https:\/\/www.arnall.cat\/cistella\/\" \/>\n<meta property=\"og:locale\" content=\"es_ES\" \/>\n<meta property=\"og:type\" content=\"article\" \/>\n<meta property=\"og:title\" content=\"Cistella - Arnall\" \/>\n<meta property=\"og:description\" content=\"[vc_row css=&#8221;.vc_custom_1500565776141{margin-bottom: 10px !important;}&#8221;][vc_column][\/vc_column][\/vc_row]\" \/>\n<meta property=\"og:url\" content=\"https:\/\/www.arnall.cat\/cistella\/\" \/>\n<meta property=\"og:site_name\" content=\"Arnall\" \/>\n<meta property=\"article:modified_time\" content=\"2020-01-13T13:44:13+00:00\" \/>\n<meta name=\"twitter:card\" content=\"summary_large_image\" \/>\n<script type=\"application\/ld+json\" class=\"yoast-schema-graph\">{\"@context\":\"https:\/\/schema.org\",\"@graph\":[{\"@type\":\"WebPage\",\"@id\":\"https:\/\/www.arnall.cat\/cistella\/\",\"url\":\"https:\/\/www.arnall.cat\/cistella\/\",\"name\":\"Cistella - Arnall\",\"isPartOf\":{\"@id\":\"https:\/\/www.arnall.cat\/#website\"},\"datePublished\":\"2017-03-03T03:33:20+00:00\",\"dateModified\":\"2020-01-13T13:44:13+00:00\",\"breadcrumb\":{\"@id\":\"https:\/\/www.arnall.cat\/cistella\/#breadcrumb\"},\"inLanguage\":\"es\",\"potentialAction\":[{\"@type\":\"ReadAction\",\"target\":[\"https:\/\/www.arnall.cat\/cistella\/\"]}]},{\"@type\":\"BreadcrumbList\",\"@id\":\"https:\/\/www.arnall.cat\/cistella\/#breadcrumb\",\"itemListElement\":[{\"@type\":\"ListItem\",\"position\":1,\"name\":\"Inici\",\"item\":\"https:\/\/www.arnall.cat\/\"},{\"@type\":\"ListItem\",\"position\":2,\"name\":\"Cistella\"}]},{\"@type\":\"WebSite\",\"@id\":\"https:\/\/www.arnall.cat\/#website\",\"url\":\"https:\/\/www.arnall.cat\/\",\"name\":\"Arnall\",\"description\":\"\",\"potentialAction\":[{\"@type\":\"SearchAction\",\"target\":{\"@type\":\"EntryPoint\",\"urlTemplate\":\"https:\/\/www.arnall.cat\/?s={search_term_string}\"},\"query-input\":{\"@type\":\"PropertyValueSpecification\",\"valueRequired\":true,\"valueName\":\"search_term_string\"}}],\"inLanguage\":\"es\"}]}<\/script>\n<!-- \/ Yoast SEO plugin. -->","yoast_head_json":{"title":"Cistella - Arnall","robots":{"index":"index","follow":"follow","max-snippet":"max-snippet:-1","max-image-preview":"max-image-preview:large","max-video-preview":"max-video-preview:-1"},"canonical":"https:\/\/www.arnall.cat\/cistella\/","og_locale":"es_ES","og_type":"article","og_title":"Cistella - Arnall","og_description":"[vc_row css=&#8221;.vc_custom_1500565776141{margin-bottom: 10px !important;}&#8221;][vc_column][\/vc_column][\/vc_row]","og_url":"https:\/\/www.arnall.cat\/cistella\/","og_site_name":"Arnall","article_modified_time":"2020-01-13T13:44:13+00:00","twitter_card":"summary_large_image","schema":{"@context":"https:\/\/schema.org","@graph":[{"@type":"WebPage","@id":"https:\/\/www.arnall.cat\/cistella\/","url":"https:\/\/www.arnall.cat\/cistella\/","name":"Cistella - Arnall","isPartOf":{"@id":"https:\/\/www.arnall.cat\/#website"},"datePublished":"2017-03-03T03:33:20+00:00","dateModified":"2020-01-13T13:44:13+00:00","breadcrumb":{"@id":"https:\/\/www.arnall.cat\/cistella\/#breadcrumb"},"inLanguage":"es","potentialAction":[{"@type":"ReadAction","target":["https:\/\/www.arnall.cat\/cistella\/"]}]},{"@type":"BreadcrumbList","@id":"https:\/\/www.arnall.cat\/cistella\/#breadcrumb","itemListElement":[{"@type":"ListItem","position":1,"name":"Inici","item":"https:\/\/www.arnall.cat\/"},{"@type":"ListItem","position":2,"name":"Cistella"}]},{"@type":"WebSite","@id":"https:\/\/www.arnall.cat\/#website","url":"https:\/\/www.arnall.cat\/","name":"Arnall","description":"","potentialAction":[{"@type":"SearchAction","target":{"@type":"EntryPoint","urlTemplate":"https:\/\/www.arnall.cat\/?s={search_term_string}"},"query-input":{"@type":"PropertyValueSpecification","valueRequired":true,"valueName":"search_term_string"}}],"inLanguage":"es"}]}},"_links":{"self":[{"href":"https:\/\/www.arnall.cat\/es\/wp-json\/wp\/v2\/pages\/609"}],"collection":[{"href":"https:\/\/www.arnall.cat\/es\/wp-json\/wp\/v2\/pages"}],"about":[{"href":"https:\/\/www.arnall.cat\/es\/wp-json\/wp\/v2\/types\/page"}],"author":[{"embeddable":true,"href":"https:\/\/www.arnall.cat\/es\/wp-json\/wp\/v2\/users\/1"}],"replies":[{"embeddable":true,"href":"https:\/\/www.arnall.cat\/es\/wp-json\/wp\/v2\/comments?post=609"}],"version-history":[{"count":1,"href":"https:\/\/www.arnall.cat\/es\/wp-json\/wp\/v2\/pages\/609\/revisions"}],"predecessor-version":[{"id":5771,"href":"https:\/\/www.arnall.cat\/es\/wp-json\/wp\/v2\/pages\/609\/revisions\/5771"}],"wp:attachment":[{"href":"https:\/\/www.arnall.cat\/es\/wp-json\/wp\/v2\/media?parent=609"}],"curies":[{"name":"wp","href":"https:\/\/api.w.org\/{rel}","templated":true}]}}