{"id":742,"date":"2017-03-20T01:57:25","date_gmt":"2017-03-20T00:57:25","guid":{"rendered":"https:\/\/demo.themeftc.com\/foodstore\/\/?page_id=742"},"modified":"2020-06-05T12:06:14","modified_gmt":"2020-06-05T11:06:14","slug":"qui-som","status":"publish","type":"page","link":"https:\/\/www.arnall.cat\/es\/qui-som\/","title":{"rendered":"Quienes somos"},"content":{"rendered":"<p>[vc_row css=&#8221;.vc_custom_1494840085149{margin-top: 15px !important;margin-bottom: 30px !important;}&#8221; el_class=&#8221;about-us&#8221;][vc_column]<div class=\"ftc-heading heading-1 style-1\"><h1>Carnicer\u00edas-charcuter\u00edas Arnall<\/h1><\/div>[vc_column_text]En <strong>1972<\/strong> Vicens Arnall abri\u00f3 la primera <strong>carnicer\u00eda Arnall<\/strong> en Palam\u00f3s. Antes, hab\u00eda aprendido el oficio con diferentes carniceros del Empord\u00e0. Un a\u00f1o despu\u00e9s se a\u00f1adi\u00f3 su mujer, Teresa Barrios. Desde entonces, se han ido abriendo nuevos puntos de venta y ya desde los a\u00f1os noventa se ha incorporado a la empresa una segunda generaci\u00f3n.<\/p>\n<p>En las <strong>carnicer\u00edas-charcuter\u00edas Arnall<\/strong> encontrar\u00e1 carnes de primera calidad procedentes de ganaderos de las comarcas de Girona, especialidades de elaboraci\u00f3n propia, una gran variedad de embutidos y quesos, platos para llevar, vinos y cavas, y una selecci\u00f3n de productos artesanos.<\/p>\n<p>Nuestra filosof\u00eda es ofrecer, como <strong>carniceros-charcuteros tradicionales<\/strong>, productos de gran calidad y con un excelente servicio. Pero adem\u00e1s, aprovechando que tenemos varias tiendas, intentamos ofrecer unos precios ajustados, y una gran variedad de productos. Todo ello viene avalado por profesionales que llevan muchos a\u00f1os trabajando con nosotros, y sobre todo por nuestros clientes, a quienes agradecemos su confianza!<\/p>\n<p>Actualmente hay 6 carnicer\u00edas-charcuter\u00edas Arnall: en Palam\u00f3s, Palafrugell, Playa de Aro, S&#8217;Agar\u00f3, Torre Valentina y Torroella. Adem\u00e1s, gestionamos la carnicer\u00eda-charcuter\u00eda de los supermercados Jodofi de Pals y Begur, y del supermercado GP del Estartit.[\/vc_column_text][\/vc_column][\/vc_row][vc_row full_width=&#8221;stretch_row&#8221; css=&#8221;.vc_custom_1500535417601{margin-bottom: 0px !important;}&#8221;][vc_column width=&#8221;1\/3&#8243;][vc_single_image image=&#8221;5732&#8243; img_size=&#8221;full&#8221; alignment=&#8221;center&#8221; onclick=&#8221;link_image&#8221; el_class=&#8221;img-qui-som&#8221;][\/vc_column][vc_column width=&#8221;1\/3&#8243;][vc_single_image image=&#8221;5733&#8243; img_size=&#8221;full&#8221; alignment=&#8221;center&#8221; onclick=&#8221;link_image&#8221; el_class=&#8221;img-qui-som&#8221;][\/vc_column][vc_column width=&#8221;1\/3&#8243;][vc_single_image image=&#8221;5734&#8243; img_size=&#8221;full&#8221; alignment=&#8221;center&#8221; onclick=&#8221;link_image&#8221; el_class=&#8221;img-qui-som&#8221;][\/vc_column][\/vc_row]<\/p>","protected":false},"excerpt":{"rendered":"<p>[vc_row css=&#8221;.vc_custom_1494840085149{margin-top: 15px !important;margin-bottom: 30px !important;}&#8221; el_class=&#8221;about-us&#8221;][vc_column][vc_column_text]En 1972 Vicens Arnall abri\u00f3 la primera carnicer\u00eda Arnall en Palam\u00f3s. Antes, hab\u00eda aprendido el oficio con diferentes carniceros del Empord\u00e0. Un a\u00f1o despu\u00e9s se a\u00f1adi\u00f3 su mujer, Teresa Barrios. Desde entonces, se han ido abriendo nuevos puntos de venta y ya desde los a\u00f1os noventa se ha incorporado [&hellip;]<\/p>\n","protected":false},"author":1,"featured_media":0,"parent":0,"menu_order":0,"comment_status":"closed","ping_status":"closed","template":"","meta":{"footnotes":""},"class_list":["post-742","page","type-page","status-publish","hentry"],"yoast_head":"<!-- This site is optimized with the Yoast SEO plugin v24.1 - https:\/\/yoast.com\/wordpress\/plugins\/seo\/ -->\n<title>Quienes somos - Arnall<\/title>\n<meta name=\"robots\" content=\"index, follow, max-snippet:-1, max-image-preview:large, max-video-preview:-1\" \/>\n<link rel=\"canonical\" href=\"http:\/\/www.arnall.cat\/qui-som\/\" \/>\n<meta property=\"og:locale\" content=\"es_ES\" \/>\n<meta property=\"og:type\" content=\"article\" \/>\n<meta property=\"og:title\" content=\"[:ca]Qui som[:es]Quienes somos[:] - Arnall\" \/>\n<meta property=\"og:description\" content=\"[vc_row css=&#8221;.vc_custom_1494840085149{margin-top: 15px !important;margin-bottom: 30px !important;}&#8221; el_class=&#8221;about-us&#8221;][vc_column][vc_column_text]En 1972 Vicens Arnall abri\u00f3 la primera carnicer\u00eda Arnall en Palam\u00f3s. Antes, hab\u00eda aprendido el oficio con diferentes carniceros del Empord\u00e0. Un a\u00f1o despu\u00e9s se a\u00f1adi\u00f3 su mujer, Teresa Barrios. Desde entonces, se han ido abriendo nuevos puntos de venta y ya desde los a\u00f1os noventa se ha incorporado [&hellip;]\" \/>\n<meta property=\"og:url\" content=\"http:\/\/www.arnall.cat\/qui-som\/\" \/>\n<meta property=\"og:site_name\" content=\"Arnall\" \/>\n<meta property=\"article:modified_time\" content=\"2020-06-05T11:06:14+00:00\" \/>\n<meta name=\"twitter:card\" content=\"summary_large_image\" \/>\n<meta name=\"twitter:label1\" content=\"Tiempo de lectura\" \/>\n\t<meta name=\"twitter:data1\" content=\"3 minutos\" \/>\n<script type=\"application\/ld+json\" class=\"yoast-schema-graph\">{\"@context\":\"https:\/\/schema.org\",\"@graph\":[{\"@type\":\"WebPage\",\"@id\":\"http:\/\/www.arnall.cat\/qui-som\/\",\"url\":\"http:\/\/www.arnall.cat\/qui-som\/\",\"name\":\"[:ca]Qui som[:es]Quienes somos[:] - Arnall\",\"isPartOf\":{\"@id\":\"https:\/\/www.arnall.cat\/#website\"},\"datePublished\":\"2017-03-20T00:57:25+00:00\",\"dateModified\":\"2020-06-05T11:06:14+00:00\",\"breadcrumb\":{\"@id\":\"http:\/\/www.arnall.cat\/qui-som\/#breadcrumb\"},\"inLanguage\":\"es\",\"potentialAction\":[{\"@type\":\"ReadAction\",\"target\":[\"http:\/\/www.arnall.cat\/qui-som\/\"]}]},{\"@type\":\"BreadcrumbList\",\"@id\":\"http:\/\/www.arnall.cat\/qui-som\/#breadcrumb\",\"itemListElement\":[{\"@type\":\"ListItem\",\"position\":1,\"name\":\"Inici\",\"item\":\"https:\/\/www.arnall.cat\/\"},{\"@type\":\"ListItem\",\"position\":2,\"name\":\"Qui som\"}]},{\"@type\":\"WebSite\",\"@id\":\"https:\/\/www.arnall.cat\/#website\",\"url\":\"https:\/\/www.arnall.cat\/\",\"name\":\"Arnall\",\"description\":\"\",\"potentialAction\":[{\"@type\":\"SearchAction\",\"target\":{\"@type\":\"EntryPoint\",\"urlTemplate\":\"https:\/\/www.arnall.cat\/?s={search_term_string}\"},\"query-input\":{\"@type\":\"PropertyValueSpecification\",\"valueRequired\":true,\"valueName\":\"search_term_string\"}}],\"inLanguage\":\"es\"}]}<\/script>\n<!-- \/ Yoast SEO plugin. -->","yoast_head_json":{"title":"[:ca]Qui som[:es]Quienes somos[:] - Arnall","robots":{"index":"index","follow":"follow","max-snippet":"max-snippet:-1","max-image-preview":"max-image-preview:large","max-video-preview":"max-video-preview:-1"},"canonical":"http:\/\/www.arnall.cat\/qui-som\/","og_locale":"es_ES","og_type":"article","og_title":"[:ca]Qui som[:es]Quienes somos[:] - Arnall","og_description":"[vc_row css=&#8221;.vc_custom_1494840085149{margin-top: 15px !important;margin-bottom: 30px !important;}&#8221; el_class=&#8221;about-us&#8221;][vc_column][vc_column_text]En 1972 Vicens Arnall abri\u00f3 la primera carnicer\u00eda Arnall en Palam\u00f3s. Antes, hab\u00eda aprendido el oficio con diferentes carniceros del Empord\u00e0. Un a\u00f1o despu\u00e9s se a\u00f1adi\u00f3 su mujer, Teresa Barrios. Desde entonces, se han ido abriendo nuevos puntos de venta y ya desde los a\u00f1os noventa se ha incorporado [&hellip;]","og_url":"http:\/\/www.arnall.cat\/qui-som\/","og_site_name":"Arnall","article_modified_time":"2020-06-05T11:06:14+00:00","twitter_card":"summary_large_image","twitter_misc":{"Tiempo de lectura":"3 minutos"},"schema":{"@context":"https:\/\/schema.org","@graph":[{"@type":"WebPage","@id":"http:\/\/www.arnall.cat\/qui-som\/","url":"http:\/\/www.arnall.cat\/qui-som\/","name":"[:ca]Qui som[:es]Quienes somos[:] - Arnall","isPartOf":{"@id":"https:\/\/www.arnall.cat\/#website"},"datePublished":"2017-03-20T00:57:25+00:00","dateModified":"2020-06-05T11:06:14+00:00","breadcrumb":{"@id":"http:\/\/www.arnall.cat\/qui-som\/#breadcrumb"},"inLanguage":"es","potentialAction":[{"@type":"ReadAction","target":["http:\/\/www.arnall.cat\/qui-som\/"]}]},{"@type":"BreadcrumbList","@id":"http:\/\/www.arnall.cat\/qui-som\/#breadcrumb","itemListElement":[{"@type":"ListItem","position":1,"name":"Inici","item":"https:\/\/www.arnall.cat\/"},{"@type":"ListItem","position":2,"name":"Qui som"}]},{"@type":"WebSite","@id":"https:\/\/www.arnall.cat\/#website","url":"https:\/\/www.arnall.cat\/","name":"Arnall","description":"","potentialAction":[{"@type":"SearchAction","target":{"@type":"EntryPoint","urlTemplate":"https:\/\/www.arnall.cat\/?s={search_term_string}"},"query-input":{"@type":"PropertyValueSpecification","valueRequired":true,"valueName":"search_term_string"}}],"inLanguage":"es"}]}},"_links":{"self":[{"href":"https:\/\/www.arnall.cat\/es\/wp-json\/wp\/v2\/pages\/742"}],"collection":[{"href":"https:\/\/www.arnall.cat\/es\/wp-json\/wp\/v2\/pages"}],"about":[{"href":"https:\/\/www.arnall.cat\/es\/wp-json\/wp\/v2\/types\/page"}],"author":[{"embeddable":true,"href":"https:\/\/www.arnall.cat\/es\/wp-json\/wp\/v2\/users\/1"}],"replies":[{"embeddable":true,"href":"https:\/\/www.arnall.cat\/es\/wp-json\/wp\/v2\/comments?post=742"}],"version-history":[{"count":5,"href":"https:\/\/www.arnall.cat\/es\/wp-json\/wp\/v2\/pages\/742\/revisions"}],"predecessor-version":[{"id":9745,"href":"https:\/\/www.arnall.cat\/es\/wp-json\/wp\/v2\/pages\/742\/revisions\/9745"}],"wp:attachment":[{"href":"https:\/\/www.arnall.cat\/es\/wp-json\/wp\/v2\/media?parent=742"}],"curies":[{"name":"wp","href":"https:\/\/api.w.org\/{rel}","templated":true}]}}