{"id":801,"date":"2017-03-20T06:40:31","date_gmt":"2017-03-20T05:40:31","guid":{"rendered":"https:\/\/demo.themeftc.com\/foodstore\/\/?page_id=801"},"modified":"2020-06-05T11:49:54","modified_gmt":"2020-06-05T10:49:54","slug":"contacte","status":"publish","type":"page","link":"https:\/\/www.arnall.cat\/es\/contacte\/","title":{"rendered":"Contacto"},"content":{"rendered":"<p><\/p>\n<p>[vc_row][vc_column width=&#8221;1\/3&#8243; el_class=&#8221;contact_info_map&#8221;][vc_column_text css=&#8221;.vc_custom_1578566642236{margin-bottom: 0px !important;}&#8221;]<\/p>\n<div class=\"info_contact\">\n<div class=\"info_column address\">\n<ul>\n<li><strong>Palam\u00f3s<\/strong><\/li>\n<li>C\/ D\u00eddac Garrell, 10<\/li>\n<li>Tel. 972 31 43 04<\/li>\n<\/ul>\n<\/div>\n<div class=\"info_column address\">\n<ul>\n<li><strong>Platja d&#8217;Aro<\/strong><\/li>\n<li>Av. Cavall Bernat, 17<\/li>\n<li>Tel. 972 81 72 89<\/li>\n<\/ul>\n<\/div>\n<div class=\"info_column address\">\n<ul>\n<li><strong>Palafrugell<\/strong><\/li>\n<li>C\/ Ample, 140<\/li>\n<li>Tel. 972 30 59 93<\/li>\n<\/ul>\n<\/div>\n<\/div>\n<p>[\/vc_column_text][vc_column_text css=&#8221;.vc_custom_1578566863654{margin-bottom: 0px !important;}&#8221;]<\/p>\n<div class=\"info_contact\">\n<div class=\"info_column address\">\n<ul>\n<li><strong>S&#8217;Agar\u00f3<\/strong><\/li>\n<li>Av. Platja d&#8217;Aro, 303<\/li>\n<li>Tel. 972 32 55 73<\/li>\n<\/ul>\n<\/div>\n<div class=\"info_column address\">\n<ul>\n<li><strong>Sant Antoni de Calonge<\/strong><\/li>\n<li>Llevant\u00ed de Mar 62<\/li>\n<li>Tel. 972 65 18 98<\/li>\n<\/ul>\n<\/div>\n<div class=\"info_column address\">\n<ul>\n<li><strong>Torroella de Montgr\u00ed<\/strong><\/li>\n<li>Passeig de Catalunya 65<\/li>\n<li>Tel. 972 75 90 47<\/li>\n<\/ul>\n<\/div>\n<\/div>\n<p>[\/vc_column_text][\/vc_column][vc_column width=&#8221;2\/3&#8243; el_class=&#8221;contact_info_map&#8221;][vc_column_text css=&#8221;.vc_custom_1591353458234{margin-bottom: 0px !important;}&#8221;]<\/p>\n<div style=\"margin-bottom: 20px;\">Para cualquier duda, consulta o sugerencia puedes contactar con nosotros. Estaremos encantados de ayudarte!<\/div>\n<p>[\/vc_column_text]<p class=\"wpcf7-contact-form-not-found\"><strong>Error:<\/strong> Formulario de contacto no encontrado.<\/p>[vc_column_text]<\/p>\n<p style=\"text-align: justify; font-size: 9.5px; line-height: 11px;\">De conformidad con lo establecido en la normativa vigente en Protecci\u00f3n de Datos de Car\u00e1cter Personal, le informamos de que sus datos ser\u00e1n incorporados a sistema de tratamiento titularidad de ARNALL y domicilio social sito en C. D\u00cdDAC GARRELL, 10, PALAM\u00d3S, con el fin de atender sus consultas. En cumplimiento con la normativa vigente, ARNALL informa que los datos ser\u00e1n conservados durante el plazo estrictamente necesario para cumplir con los preceptos mencionados anteriormente.<br \/>\nLe informamos que el tratamiento de sus datos est\u00e1 legitimado para su consentimiento.<br \/>\nARNALL informa que proceder\u00e1 a tratar los datos de manera l\u00edcita, leal, transparente, adecuada, pertinente, limitada, exacta y actualizada. Es por ello que ARNALL se compromete a adoptar todas las medidas razonables para que estos se supriman o rectifiquen sin dilaci\u00f3n cuando sean inexactos.<br \/>\nDe acuerdo con los derechos que le confiere la normativa vigente en protecci\u00f3n de datos podr\u00e1 ejercer los derechos de acceso, rectificaci\u00f3n, limitaci\u00f3n de tratamiento, supresi\u00f3n, portabilidad y oposici\u00f3n al tratamiento de sus datos de car\u00e1cter personal as\u00ed como de la consentimiento prestado para el tratamiento de los mismos, dirigiendo su petici\u00f3n a la direcci\u00f3n postal arriba indicada o al correo electr\u00f3nico info@arnall.cat.<br \/>\nPodr\u00e1 dirigirse a la Autoridad de Control competente para presentar la reclamaci\u00f3n que considere oportuna.<br \/>\nEl env\u00edo de estos datos implica la aceptaci\u00f3n de esta cl\u00e1usula.<\/p>\n<p>[\/vc_column_text][\/vc_column][\/vc_row][vc_row full_width=&#8221;stretch_row_content_no_spaces&#8221; css=&#8221;.vc_custom_1579014159523{margin-bottom: 0px !important;}&#8221;][vc_column el_class=&#8221;map_contact&#8221; css=&#8221;.vc_custom_1579007905997{padding-right: 0px !important;padding-left: 0px !important;}&#8221;][vc_gmaps link=&#8221;#E-8_JTNDaWZyYW1lJTIwc3JjJTNEJTIyaHR0cHMlM0ElMkYlMkZ3d3cuZ29vZ2xlLmNvbSUyRm1hcHMlMkZkJTJGZW1iZWQlM0ZtaWQlM0QxNEtqa0N3S1ZYZlcwVWMtMVBlU3NKelc4X2JsUC04NVYlMjIlMjB3aWR0aCUzRCUyMjEwMCUyNSUyMiUyMGhlaWdodCUzRCUyMjQ4MCUyMiUzRSUzQyUyRmlmcmFtZSUzRQ==&#8221; size=&#8221;480px&#8221;][\/vc_column][\/vc_row]<\/p>\n<p><\/p>","protected":false},"excerpt":{"rendered":"<p>[vc_row][vc_column width=&#8221;1\/3&#8243; el_class=&#8221;contact_info_map&#8221;][vc_column_text css=&#8221;.vc_custom_1578566642236{margin-bottom: 0px !important;}&#8221;] Palam\u00f3s C\/ D\u00eddac Garrell, 10 Tel. 972 31 43 04 Platja d&#8217;Aro Av. Cavall Bernat, 17 Tel. 972 81 72 89 Palafrugell C\/ Ample, 140 Tel. 972 30 59 93 [\/vc_column_text][vc_column_text css=&#8221;.vc_custom_1578566863654{margin-bottom: 0px !important;}&#8221;] S&#8217;Agar\u00f3 Av. Platja d&#8217;Aro, 303 Tel. 972 32 55 73 Sant Antoni de Calonge Llevant\u00ed [&hellip;]<\/p>\n","protected":false},"author":1,"featured_media":0,"parent":0,"menu_order":0,"comment_status":"closed","ping_status":"closed","template":"","meta":{"footnotes":""},"class_list":["post-801","page","type-page","status-publish","hentry"],"yoast_head":"<!-- This site is optimized with the Yoast SEO plugin v24.1 - https:\/\/yoast.com\/wordpress\/plugins\/seo\/ -->\n<title>Contacto - Arnall<\/title>\n<meta name=\"robots\" content=\"index, follow, max-snippet:-1, max-image-preview:large, max-video-preview:-1\" \/>\n<link rel=\"canonical\" href=\"https:\/\/www.arnall.cat\/contacte\/\" \/>\n<meta property=\"og:locale\" content=\"es_ES\" \/>\n<meta property=\"og:type\" content=\"article\" \/>\n<meta property=\"og:title\" content=\"[:ca]Contacte[:es]Contacto[:] - Arnall\" \/>\n<meta property=\"og:description\" content=\"[vc_row][vc_column width=&#8221;1\/3&#8243; el_class=&#8221;contact_info_map&#8221;][vc_column_text css=&#8221;.vc_custom_1578566642236{margin-bottom: 0px !important;}&#8221;] Palam\u00f3s C\/ D\u00eddac Garrell, 10 Tel. 972 31 43 04 Platja d&#8217;Aro Av. Cavall Bernat, 17 Tel. 972 81 72 89 Palafrugell C\/ Ample, 140 Tel. 972 30 59 93 [\/vc_column_text][vc_column_text css=&#8221;.vc_custom_1578566863654{margin-bottom: 0px !important;}&#8221;] S&#8217;Agar\u00f3 Av. Platja d&#8217;Aro, 303 Tel. 972 32 55 73 Sant Antoni de Calonge Llevant\u00ed [&hellip;]\" \/>\n<meta property=\"og:url\" content=\"https:\/\/www.arnall.cat\/contacte\/\" \/>\n<meta property=\"og:site_name\" content=\"Arnall\" \/>\n<meta property=\"article:modified_time\" content=\"2020-06-05T10:49:54+00:00\" \/>\n<meta name=\"twitter:card\" content=\"summary_large_image\" \/>\n<meta name=\"twitter:label1\" content=\"Tiempo de lectura\" \/>\n\t<meta name=\"twitter:data1\" content=\"4 minutos\" \/>\n<script type=\"application\/ld+json\" class=\"yoast-schema-graph\">{\"@context\":\"https:\/\/schema.org\",\"@graph\":[{\"@type\":\"WebPage\",\"@id\":\"https:\/\/www.arnall.cat\/contacte\/\",\"url\":\"https:\/\/www.arnall.cat\/contacte\/\",\"name\":\"[:ca]Contacte[:es]Contacto[:] - Arnall\",\"isPartOf\":{\"@id\":\"https:\/\/www.arnall.cat\/#website\"},\"datePublished\":\"2017-03-20T05:40:31+00:00\",\"dateModified\":\"2020-06-05T10:49:54+00:00\",\"breadcrumb\":{\"@id\":\"https:\/\/www.arnall.cat\/contacte\/#breadcrumb\"},\"inLanguage\":\"es\",\"potentialAction\":[{\"@type\":\"ReadAction\",\"target\":[\"https:\/\/www.arnall.cat\/contacte\/\"]}]},{\"@type\":\"BreadcrumbList\",\"@id\":\"https:\/\/www.arnall.cat\/contacte\/#breadcrumb\",\"itemListElement\":[{\"@type\":\"ListItem\",\"position\":1,\"name\":\"Inici\",\"item\":\"https:\/\/www.arnall.cat\/\"},{\"@type\":\"ListItem\",\"position\":2,\"name\":\"Contacte\"}]},{\"@type\":\"WebSite\",\"@id\":\"https:\/\/www.arnall.cat\/#website\",\"url\":\"https:\/\/www.arnall.cat\/\",\"name\":\"Arnall\",\"description\":\"\",\"potentialAction\":[{\"@type\":\"SearchAction\",\"target\":{\"@type\":\"EntryPoint\",\"urlTemplate\":\"https:\/\/www.arnall.cat\/?s={search_term_string}\"},\"query-input\":{\"@type\":\"PropertyValueSpecification\",\"valueRequired\":true,\"valueName\":\"search_term_string\"}}],\"inLanguage\":\"es\"}]}<\/script>\n<!-- \/ Yoast SEO plugin. -->","yoast_head_json":{"title":"[:ca]Contacte[:es]Contacto[:] - Arnall","robots":{"index":"index","follow":"follow","max-snippet":"max-snippet:-1","max-image-preview":"max-image-preview:large","max-video-preview":"max-video-preview:-1"},"canonical":"https:\/\/www.arnall.cat\/contacte\/","og_locale":"es_ES","og_type":"article","og_title":"[:ca]Contacte[:es]Contacto[:] - Arnall","og_description":"[vc_row][vc_column width=&#8221;1\/3&#8243; el_class=&#8221;contact_info_map&#8221;][vc_column_text css=&#8221;.vc_custom_1578566642236{margin-bottom: 0px !important;}&#8221;] Palam\u00f3s C\/ D\u00eddac Garrell, 10 Tel. 972 31 43 04 Platja d&#8217;Aro Av. Cavall Bernat, 17 Tel. 972 81 72 89 Palafrugell C\/ Ample, 140 Tel. 972 30 59 93 [\/vc_column_text][vc_column_text css=&#8221;.vc_custom_1578566863654{margin-bottom: 0px !important;}&#8221;] S&#8217;Agar\u00f3 Av. Platja d&#8217;Aro, 303 Tel. 972 32 55 73 Sant Antoni de Calonge Llevant\u00ed [&hellip;]","og_url":"https:\/\/www.arnall.cat\/contacte\/","og_site_name":"Arnall","article_modified_time":"2020-06-05T10:49:54+00:00","twitter_card":"summary_large_image","twitter_misc":{"Tiempo de lectura":"4 minutos"},"schema":{"@context":"https:\/\/schema.org","@graph":[{"@type":"WebPage","@id":"https:\/\/www.arnall.cat\/contacte\/","url":"https:\/\/www.arnall.cat\/contacte\/","name":"[:ca]Contacte[:es]Contacto[:] - Arnall","isPartOf":{"@id":"https:\/\/www.arnall.cat\/#website"},"datePublished":"2017-03-20T05:40:31+00:00","dateModified":"2020-06-05T10:49:54+00:00","breadcrumb":{"@id":"https:\/\/www.arnall.cat\/contacte\/#breadcrumb"},"inLanguage":"es","potentialAction":[{"@type":"ReadAction","target":["https:\/\/www.arnall.cat\/contacte\/"]}]},{"@type":"BreadcrumbList","@id":"https:\/\/www.arnall.cat\/contacte\/#breadcrumb","itemListElement":[{"@type":"ListItem","position":1,"name":"Inici","item":"https:\/\/www.arnall.cat\/"},{"@type":"ListItem","position":2,"name":"Contacte"}]},{"@type":"WebSite","@id":"https:\/\/www.arnall.cat\/#website","url":"https:\/\/www.arnall.cat\/","name":"Arnall","description":"","potentialAction":[{"@type":"SearchAction","target":{"@type":"EntryPoint","urlTemplate":"https:\/\/www.arnall.cat\/?s={search_term_string}"},"query-input":{"@type":"PropertyValueSpecification","valueRequired":true,"valueName":"search_term_string"}}],"inLanguage":"es"}]}},"_links":{"self":[{"href":"https:\/\/www.arnall.cat\/es\/wp-json\/wp\/v2\/pages\/801"}],"collection":[{"href":"https:\/\/www.arnall.cat\/es\/wp-json\/wp\/v2\/pages"}],"about":[{"href":"https:\/\/www.arnall.cat\/es\/wp-json\/wp\/v2\/types\/page"}],"author":[{"embeddable":true,"href":"https:\/\/www.arnall.cat\/es\/wp-json\/wp\/v2\/users\/1"}],"replies":[{"embeddable":true,"href":"https:\/\/www.arnall.cat\/es\/wp-json\/wp\/v2\/comments?post=801"}],"version-history":[{"count":30,"href":"https:\/\/www.arnall.cat\/es\/wp-json\/wp\/v2\/pages\/801\/revisions"}],"predecessor-version":[{"id":9744,"href":"https:\/\/www.arnall.cat\/es\/wp-json\/wp\/v2\/pages\/801\/revisions\/9744"}],"wp:attachment":[{"href":"https:\/\/www.arnall.cat\/es\/wp-json\/wp\/v2\/media?parent=801"}],"curies":[{"name":"wp","href":"https:\/\/api.w.org\/{rel}","templated":true}]}}