{"id":12248,"date":"2021-10-22T15:11:11","date_gmt":"2021-10-22T15:11:11","guid":{"rendered":"http:\/\/www.arnall.cat\/product\/hamb-pollastre-i-verdures\/"},"modified":"2021-10-22T16:25:27","modified_gmt":"2021-10-22T15:25:27","slug":"hamb-pollastre-i-verdures","status":"publish","type":"product","link":"https:\/\/www.arnall.cat\/es\/product\/hamb-pollastre-i-verdures\/","title":{"rendered":"HAMB.POLLO Y VERDURAS"},"content":{"rendered":"<p class=\"qtranxs-available-languages-message qtranxs-available-languages-message-es\">Disculpa, pero esta entrada est\u00e1 disponible s\u00f3lo en <a href=\"https:\/\/www.arnall.cat\/ca\/wp-json\/wp\/v2\/product\/12248\" class=\"qtranxs-available-language-link qtranxs-available-language-link-ca\" title=\"Catal\u00e0\">Catal\u00e0<\/a>.<\/p>","protected":false},"excerpt":{"rendered":"<p>Disculpa, pero esta entrada est\u00e1 disponible s\u00f3lo en Catal\u00e0.<\/p>\n","protected":false},"featured_media":0,"template":"","meta":[],"class_list":{"0":"post-12248","1":"product","2":"type-product","3":"status-publish","5":"product_cat-3-pollastre","6":"product_cat-5-especialitats","7":"product_cat-1-hamburgueses-especialitats","9":"first","10":"instock","11":"shipping-taxable","12":"purchasable","13":"product-type-simple"},"yoast_head":"<!-- This site is optimized with the Yoast SEO plugin v24.1 - https:\/\/yoast.com\/wordpress\/plugins\/seo\/ -->\n<title>HAMB.POLLO Y VERDURAS - Arnall<\/title>\n<meta name=\"robots\" content=\"index, follow, max-snippet:-1, max-image-preview:large, max-video-preview:-1\" \/>\n<link rel=\"canonical\" href=\"https:\/\/www.arnall.cat\/es\/product\/hamb-pollastre-i-verdures\/\" \/>\n<meta property=\"og:locale\" content=\"es_ES\" \/>\n<meta property=\"og:type\" content=\"article\" \/>\n<meta property=\"og:title\" content=\"[:ca]HAMB.POLLASTRE I VERDURES[:es]HAMB.POLLO Y VERDURAS[:] - Arnall\" \/>\n<meta property=\"og:description\" content=\"Disculpa, pero esta entrada est\u00e1 disponible s\u00f3lo en Catal\u00e0.\" \/>\n<meta property=\"og:url\" content=\"https:\/\/www.arnall.cat\/es\/product\/hamb-pollastre-i-verdures\/\" \/>\n<meta property=\"og:site_name\" content=\"Arnall\" \/>\n<meta property=\"article:modified_time\" content=\"2021-10-22T15:25:27+00:00\" \/>\n<meta name=\"twitter:card\" content=\"summary_large_image\" \/>\n<script type=\"application\/ld+json\" class=\"yoast-schema-graph\">{\"@context\":\"https:\/\/schema.org\",\"@graph\":[{\"@type\":\"WebPage\",\"@id\":\"https:\/\/www.arnall.cat\/es\/product\/hamb-pollastre-i-verdures\/\",\"url\":\"https:\/\/www.arnall.cat\/es\/product\/hamb-pollastre-i-verdures\/\",\"name\":\"[:ca]HAMB.POLLASTRE I VERDURES[:es]HAMB.POLLO Y VERDURAS[:] - Arnall\",\"isPartOf\":{\"@id\":\"https:\/\/www.arnall.cat\/#website\"},\"datePublished\":\"2021-10-22T15:11:11+00:00\",\"dateModified\":\"2021-10-22T15:25:27+00:00\",\"breadcrumb\":{\"@id\":\"https:\/\/www.arnall.cat\/es\/product\/hamb-pollastre-i-verdures\/#breadcrumb\"},\"inLanguage\":\"es\",\"potentialAction\":[{\"@type\":\"ReadAction\",\"target\":[\"https:\/\/www.arnall.cat\/es\/product\/hamb-pollastre-i-verdures\/\"]}]},{\"@type\":\"BreadcrumbList\",\"@id\":\"https:\/\/www.arnall.cat\/es\/product\/hamb-pollastre-i-verdures\/#breadcrumb\",\"itemListElement\":[{\"@type\":\"ListItem\",\"position\":1,\"name\":\"Inici\",\"item\":\"https:\/\/www.arnall.cat\/\"},{\"@type\":\"ListItem\",\"position\":2,\"name\":\"Productos\",\"item\":\"https:\/\/www.arnall.cat\/es\/productes\/\"},{\"@type\":\"ListItem\",\"position\":3,\"name\":\"HAMB.POLLO Y VERDURAS\"}]},{\"@type\":\"WebSite\",\"@id\":\"https:\/\/www.arnall.cat\/#website\",\"url\":\"https:\/\/www.arnall.cat\/\",\"name\":\"Arnall\",\"description\":\"\",\"potentialAction\":[{\"@type\":\"SearchAction\",\"target\":{\"@type\":\"EntryPoint\",\"urlTemplate\":\"https:\/\/www.arnall.cat\/?s={search_term_string}\"},\"query-input\":{\"@type\":\"PropertyValueSpecification\",\"valueRequired\":true,\"valueName\":\"search_term_string\"}}],\"inLanguage\":\"es\"}]}<\/script>\n<!-- \/ Yoast SEO plugin. -->","yoast_head_json":{"title":"[:ca]HAMB.POLLASTRE I VERDURES[:es]HAMB.POLLO Y VERDURAS[:] - Arnall","robots":{"index":"index","follow":"follow","max-snippet":"max-snippet:-1","max-image-preview":"max-image-preview:large","max-video-preview":"max-video-preview:-1"},"canonical":"https:\/\/www.arnall.cat\/es\/product\/hamb-pollastre-i-verdures\/","og_locale":"es_ES","og_type":"article","og_title":"[:ca]HAMB.POLLASTRE I VERDURES[:es]HAMB.POLLO Y VERDURAS[:] - Arnall","og_description":"Disculpa, pero esta entrada est\u00e1 disponible s\u00f3lo en Catal\u00e0.","og_url":"https:\/\/www.arnall.cat\/es\/product\/hamb-pollastre-i-verdures\/","og_site_name":"Arnall","article_modified_time":"2021-10-22T15:25:27+00:00","twitter_card":"summary_large_image","schema":{"@context":"https:\/\/schema.org","@graph":[{"@type":"WebPage","@id":"https:\/\/www.arnall.cat\/es\/product\/hamb-pollastre-i-verdures\/","url":"https:\/\/www.arnall.cat\/es\/product\/hamb-pollastre-i-verdures\/","name":"[:ca]HAMB.POLLASTRE I VERDURES[:es]HAMB.POLLO Y VERDURAS[:] - Arnall","isPartOf":{"@id":"https:\/\/www.arnall.cat\/#website"},"datePublished":"2021-10-22T15:11:11+00:00","dateModified":"2021-10-22T15:25:27+00:00","breadcrumb":{"@id":"https:\/\/www.arnall.cat\/es\/product\/hamb-pollastre-i-verdures\/#breadcrumb"},"inLanguage":"es","potentialAction":[{"@type":"ReadAction","target":["https:\/\/www.arnall.cat\/es\/product\/hamb-pollastre-i-verdures\/"]}]},{"@type":"BreadcrumbList","@id":"https:\/\/www.arnall.cat\/es\/product\/hamb-pollastre-i-verdures\/#breadcrumb","itemListElement":[{"@type":"ListItem","position":1,"name":"Inici","item":"https:\/\/www.arnall.cat\/"},{"@type":"ListItem","position":2,"name":"Productos","item":"https:\/\/www.arnall.cat\/es\/productes\/"},{"@type":"ListItem","position":3,"name":"HAMB.POLLO Y VERDURAS"}]},{"@type":"WebSite","@id":"https:\/\/www.arnall.cat\/#website","url":"https:\/\/www.arnall.cat\/","name":"Arnall","description":"","potentialAction":[{"@type":"SearchAction","target":{"@type":"EntryPoint","urlTemplate":"https:\/\/www.arnall.cat\/?s={search_term_string}"},"query-input":{"@type":"PropertyValueSpecification","valueRequired":true,"valueName":"search_term_string"}}],"inLanguage":"es"}]}},"_links":{"self":[{"href":"https:\/\/www.arnall.cat\/es\/wp-json\/wp\/v2\/product\/12248"}],"collection":[{"href":"https:\/\/www.arnall.cat\/es\/wp-json\/wp\/v2\/product"}],"about":[{"href":"https:\/\/www.arnall.cat\/es\/wp-json\/wp\/v2\/types\/product"}],"wp:attachment":[{"href":"https:\/\/www.arnall.cat\/es\/wp-json\/wp\/v2\/media?parent=12248"}],"curies":[{"name":"wp","href":"https:\/\/api.w.org\/{rel}","templated":true}]}}