{"id":16091,"date":"2022-11-25T12:26:58","date_gmt":"2022-11-25T12:26:58","guid":{"rendered":"https:\/\/www.arnall.cat\/product\/lot-3-selecci-3\/"},"modified":"2025-11-28T16:16:23","modified_gmt":"2025-11-28T14:16:23","slug":"lot-3-selecci-3","status":"publish","type":"product","link":"https:\/\/www.arnall.cat\/es\/product\/lot-3-selecci-3\/","title":{"rendered":"LOTE3 SELECCI?N-3"},"content":{"rendered":"<p><\/p>\n<ul>\n<li>Todos los lotes vienen con su correspondiente packaging ARNALL incluido.<\/li>\n<li>La fecha l\u00edmite para reservar y as\u00ed garantizar la disponibilidad de todos los productos es el 11 de diciembre.<br \/>\nEn el caso de que el encargo se haga m\u00e1s tarde de dicha fecha, se propondr\u00e1n alternativas si no disponemos de alguno de los productos.<\/li>\n<\/ul>\n<p>Para m\u00e1s informaci\u00f3n, pod\u00e9is llamar a las oficinas (972 31 55 48).<\/p>","protected":false},"excerpt":{"rendered":"<p>Vino Vella Lola negre (Empord\u00e0), Aceite de oliva virgen extra Serraferran 500ml., Queso oveja ecol\u00f3gico 300gr, Higos en Alm\u00edvar Can Bech 300gr., Paletilla ib\u00e9rica Manuel Castillo &#8220;cebo campo&#8221; 150gr., Fuet Arnall y Almendra caramelizada Les Garrigues (vidrio) 100gr.<\/p>\n","protected":false},"featured_media":24385,"template":"","meta":[],"class_list":{"0":"post-16091","1":"product","2":"type-product","3":"status-publish","4":"has-post-thumbnail","6":"product_cat-1-lots-de-nadal-i-panettones","7":"product_cat-1a-nadal","9":"first","10":"instock","11":"shipping-taxable","12":"purchasable","13":"product-type-simple"},"yoast_head":"<!-- This site is optimized with the Yoast SEO plugin v24.1 - https:\/\/yoast.com\/wordpress\/plugins\/seo\/ -->\n<title>LOTE3 SELECCI?N-3 - Arnall<\/title>\n<meta name=\"robots\" content=\"index, follow, max-snippet:-1, max-image-preview:large, max-video-preview:-1\" \/>\n<link rel=\"canonical\" href=\"https:\/\/www.arnall.cat\/product\/lot-3-selecci-3\/\" \/>\n<meta property=\"og:locale\" content=\"es_ES\" \/>\n<meta property=\"og:type\" content=\"article\" \/>\n<meta property=\"og:title\" content=\"[:ca]LOT3 SELECCI?-3[:es]LOTE3 SELECCI?N-3[:] - Arnall\" \/>\n<meta property=\"og:description\" content=\"[:ca]Vi Vella Lola negre (Empord\u00e0), Oli d\u2019oliva verge extra Serraferran 500ml., Formatge Ovella Ecol\u00f2gic 300gr, Figues en Alm\u00edvar Can Bech 300gr., Espatlla ib\u00e8rica Manuel Castillo &quot;cebo campo&quot;150gr., Fuet Arnall i Ametlla caramel.litzada Les Garrigues (vidre) 100gr.[:es]Vino Vella Lola negre (Empord\u00e0), Aceite de oliva virgen extra Serraferran 500ml., Queso oveja ecol\u00f3gico 300gr, Higos en Alm\u00edvar Can Bech 300gr., Paletilla ib\u00e9rica Manuel Castillo &quot;cebo campo&quot; 150gr., Fuet Arnall y Almendra caramelizada Les Garrigues (vidrio) 100gr.[:]\" \/>\n<meta property=\"og:url\" content=\"https:\/\/www.arnall.cat\/product\/lot-3-selecci-3\/\" \/>\n<meta property=\"og:site_name\" content=\"Arnall\" \/>\n<meta property=\"article:modified_time\" content=\"2025-11-28T14:16:23+00:00\" \/>\n<meta property=\"og:image\" content=\"http:\/\/www.arnall.cat\/wp-content\/uploads\/2022\/11\/LOT-3-SELECCIO-3.jpg\" \/>\n\t<meta property=\"og:image:width\" content=\"565\" \/>\n\t<meta property=\"og:image:height\" content=\"577\" \/>\n\t<meta property=\"og:image:type\" content=\"image\/jpeg\" \/>\n<meta name=\"twitter:card\" content=\"summary_large_image\" \/>\n<meta name=\"twitter:label1\" content=\"Tiempo de lectura\" \/>\n\t<meta name=\"twitter:data1\" content=\"1 minuto\" \/>\n<script type=\"application\/ld+json\" class=\"yoast-schema-graph\">{\"@context\":\"https:\/\/schema.org\",\"@graph\":[{\"@type\":\"WebPage\",\"@id\":\"https:\/\/www.arnall.cat\/product\/lot-3-selecci-3\/\",\"url\":\"https:\/\/www.arnall.cat\/product\/lot-3-selecci-3\/\",\"name\":\"[:ca]LOT3 SELECCI?-3[:es]LOTE3 SELECCI?N-3[:] - Arnall\",\"isPartOf\":{\"@id\":\"https:\/\/www.arnall.cat\/#website\"},\"primaryImageOfPage\":{\"@id\":\"https:\/\/www.arnall.cat\/product\/lot-3-selecci-3\/#primaryimage\"},\"image\":{\"@id\":\"https:\/\/www.arnall.cat\/product\/lot-3-selecci-3\/#primaryimage\"},\"thumbnailUrl\":\"https:\/\/www.arnall.cat\/wp-content\/uploads\/2022\/11\/LOT-3-SELECCIO-3.jpg\",\"datePublished\":\"2022-11-25T12:26:58+00:00\",\"dateModified\":\"2025-11-28T14:16:23+00:00\",\"breadcrumb\":{\"@id\":\"https:\/\/www.arnall.cat\/product\/lot-3-selecci-3\/#breadcrumb\"},\"inLanguage\":\"es\",\"potentialAction\":[{\"@type\":\"ReadAction\",\"target\":[\"https:\/\/www.arnall.cat\/product\/lot-3-selecci-3\/\"]}]},{\"@type\":\"ImageObject\",\"inLanguage\":\"es\",\"@id\":\"https:\/\/www.arnall.cat\/product\/lot-3-selecci-3\/#primaryimage\",\"url\":\"https:\/\/www.arnall.cat\/wp-content\/uploads\/2022\/11\/LOT-3-SELECCIO-3.jpg\",\"contentUrl\":\"https:\/\/www.arnall.cat\/wp-content\/uploads\/2022\/11\/LOT-3-SELECCIO-3.jpg\",\"width\":565,\"height\":577},{\"@type\":\"BreadcrumbList\",\"@id\":\"https:\/\/www.arnall.cat\/product\/lot-3-selecci-3\/#breadcrumb\",\"itemListElement\":[{\"@type\":\"ListItem\",\"position\":1,\"name\":\"Inici\",\"item\":\"https:\/\/www.arnall.cat\/\"},{\"@type\":\"ListItem\",\"position\":2,\"name\":\"Productos\",\"item\":\"https:\/\/www.arnall.cat\/es\/productes\/\"},{\"@type\":\"ListItem\",\"position\":3,\"name\":\"LOT 3 SELECCIO 3\"}]},{\"@type\":\"WebSite\",\"@id\":\"https:\/\/www.arnall.cat\/#website\",\"url\":\"https:\/\/www.arnall.cat\/\",\"name\":\"Arnall\",\"description\":\"\",\"potentialAction\":[{\"@type\":\"SearchAction\",\"target\":{\"@type\":\"EntryPoint\",\"urlTemplate\":\"https:\/\/www.arnall.cat\/?s={search_term_string}\"},\"query-input\":{\"@type\":\"PropertyValueSpecification\",\"valueRequired\":true,\"valueName\":\"search_term_string\"}}],\"inLanguage\":\"es\"}]}<\/script>\n<!-- \/ Yoast SEO plugin. -->","yoast_head_json":{"title":"[:ca]LOT3 SELECCI?-3[:es]LOTE3 SELECCI?N-3[:] - Arnall","robots":{"index":"index","follow":"follow","max-snippet":"max-snippet:-1","max-image-preview":"max-image-preview:large","max-video-preview":"max-video-preview:-1"},"canonical":"https:\/\/www.arnall.cat\/product\/lot-3-selecci-3\/","og_locale":"es_ES","og_type":"article","og_title":"[:ca]LOT3 SELECCI?-3[:es]LOTE3 SELECCI?N-3[:] - Arnall","og_description":"[:ca]Vi Vella Lola negre (Empord\u00e0), Oli d\u2019oliva verge extra Serraferran 500ml., Formatge Ovella Ecol\u00f2gic 300gr, Figues en Alm\u00edvar Can Bech 300gr., Espatlla ib\u00e8rica Manuel Castillo \"cebo campo\"150gr., Fuet Arnall i Ametlla caramel.litzada Les Garrigues (vidre) 100gr.[:es]Vino Vella Lola negre (Empord\u00e0), Aceite de oliva virgen extra Serraferran 500ml., Queso oveja ecol\u00f3gico 300gr, Higos en Alm\u00edvar Can Bech 300gr., Paletilla ib\u00e9rica Manuel Castillo \"cebo campo\" 150gr., Fuet Arnall y Almendra caramelizada Les Garrigues (vidrio) 100gr.[:]","og_url":"https:\/\/www.arnall.cat\/product\/lot-3-selecci-3\/","og_site_name":"Arnall","article_modified_time":"2025-11-28T14:16:23+00:00","og_image":[{"width":565,"height":577,"url":"http:\/\/www.arnall.cat\/wp-content\/uploads\/2022\/11\/LOT-3-SELECCIO-3.jpg","type":"image\/jpeg"}],"twitter_card":"summary_large_image","twitter_misc":{"Tiempo de lectura":"1 minuto"},"schema":{"@context":"https:\/\/schema.org","@graph":[{"@type":"WebPage","@id":"https:\/\/www.arnall.cat\/product\/lot-3-selecci-3\/","url":"https:\/\/www.arnall.cat\/product\/lot-3-selecci-3\/","name":"[:ca]LOT3 SELECCI?-3[:es]LOTE3 SELECCI?N-3[:] - Arnall","isPartOf":{"@id":"https:\/\/www.arnall.cat\/#website"},"primaryImageOfPage":{"@id":"https:\/\/www.arnall.cat\/product\/lot-3-selecci-3\/#primaryimage"},"image":{"@id":"https:\/\/www.arnall.cat\/product\/lot-3-selecci-3\/#primaryimage"},"thumbnailUrl":"https:\/\/www.arnall.cat\/wp-content\/uploads\/2022\/11\/LOT-3-SELECCIO-3.jpg","datePublished":"2022-11-25T12:26:58+00:00","dateModified":"2025-11-28T14:16:23+00:00","breadcrumb":{"@id":"https:\/\/www.arnall.cat\/product\/lot-3-selecci-3\/#breadcrumb"},"inLanguage":"es","potentialAction":[{"@type":"ReadAction","target":["https:\/\/www.arnall.cat\/product\/lot-3-selecci-3\/"]}]},{"@type":"ImageObject","inLanguage":"es","@id":"https:\/\/www.arnall.cat\/product\/lot-3-selecci-3\/#primaryimage","url":"https:\/\/www.arnall.cat\/wp-content\/uploads\/2022\/11\/LOT-3-SELECCIO-3.jpg","contentUrl":"https:\/\/www.arnall.cat\/wp-content\/uploads\/2022\/11\/LOT-3-SELECCIO-3.jpg","width":565,"height":577},{"@type":"BreadcrumbList","@id":"https:\/\/www.arnall.cat\/product\/lot-3-selecci-3\/#breadcrumb","itemListElement":[{"@type":"ListItem","position":1,"name":"Inici","item":"https:\/\/www.arnall.cat\/"},{"@type":"ListItem","position":2,"name":"Productos","item":"https:\/\/www.arnall.cat\/es\/productes\/"},{"@type":"ListItem","position":3,"name":"LOT 3 SELECCIO 3"}]},{"@type":"WebSite","@id":"https:\/\/www.arnall.cat\/#website","url":"https:\/\/www.arnall.cat\/","name":"Arnall","description":"","potentialAction":[{"@type":"SearchAction","target":{"@type":"EntryPoint","urlTemplate":"https:\/\/www.arnall.cat\/?s={search_term_string}"},"query-input":{"@type":"PropertyValueSpecification","valueRequired":true,"valueName":"search_term_string"}}],"inLanguage":"es"}]}},"_links":{"self":[{"href":"https:\/\/www.arnall.cat\/es\/wp-json\/wp\/v2\/product\/16091"}],"collection":[{"href":"https:\/\/www.arnall.cat\/es\/wp-json\/wp\/v2\/product"}],"about":[{"href":"https:\/\/www.arnall.cat\/es\/wp-json\/wp\/v2\/types\/product"}],"wp:featuredmedia":[{"embeddable":true,"href":"https:\/\/www.arnall.cat\/es\/wp-json\/wp\/v2\/media\/24385"}],"wp:attachment":[{"href":"https:\/\/www.arnall.cat\/es\/wp-json\/wp\/v2\/media?parent=16091"}],"curies":[{"name":"wp","href":"https:\/\/api.w.org\/{rel}","templated":true}]}}