{"id":6376,"date":"2020-03-05T10:57:25","date_gmt":"2020-03-05T10:57:25","guid":{"rendered":"http:\/\/www.arnall.cat\/product\/centre-espat-ib-bellota-jos\/"},"modified":"2022-11-30T10:32:20","modified_gmt":"2022-11-30T08:32:20","slug":"centre-espat-ib-bellota-jos","status":"publish","type":"product","link":"https:\/\/www.arnall.cat\/es\/product\/centre-espat-ib-bellota-jos\/","title":{"rendered":"CENTRE ESPAT. IB.&#8221;BELLOTA&#8221; JOS"},"content":{"rendered":"<p>100% de ra\u00e7a ib\u00e8rica. De gla. Sense m\u00e9s additius ni conservants que la sal. M\u00e9s de 2 anys de curaci\u00f3. El seu sabor \u00e9s suau i delicat, lleugerament dol\u00e7. Grassa de consist\u00e8ncia tova i untuosa. Alimentats amb glans i en total llibertat.<br \/>\n<\/p>","protected":false},"excerpt":{"rendered":"<p>11,65\u20ac 100gr Guijuelo, curaci\u00f3 + 3 anys.<\/p>\n","protected":false},"featured_media":10826,"template":"","meta":[],"class_list":{"0":"post-6376","1":"product","2":"type-product","3":"status-publish","4":"has-post-thumbnail","6":"product_cat-1a-pernils-tallats","7":"product_cat-6-embotits","9":"first","10":"instock","11":"shipping-taxable","12":"purchasable","13":"product-type-simple"},"yoast_head":"<!-- This site is optimized with the Yoast SEO plugin v24.1 - https:\/\/yoast.com\/wordpress\/plugins\/seo\/ -->\n<title>CENTRE ESPAT. IB.&quot;BELLOTA&quot; JOS - Arnall<\/title>\n<meta name=\"robots\" content=\"index, follow, max-snippet:-1, max-image-preview:large, max-video-preview:-1\" \/>\n<link rel=\"canonical\" href=\"https:\/\/www.arnall.cat\/es\/product\/centre-espat-ib-bellota-jos\/\" \/>\n<meta property=\"og:locale\" content=\"es_ES\" \/>\n<meta property=\"og:type\" content=\"article\" \/>\n<meta property=\"og:title\" content=\"[:ca]C.ESP.JOSELITO IB?RICA GLA[:es]CENTRE ESPAT. IB.&quot;BELLOTA&quot; JOS[:] - Arnall\" \/>\n<meta property=\"og:description\" content=\"[:ca]11,65\u20ac 100gr Guijuelo, curaci\u00f3 + 3 anys.[:es]11,65\u20ac 100gr Guijuelo, curaci\u00f3 + 3 anys.  [:]\" \/>\n<meta property=\"og:url\" content=\"https:\/\/www.arnall.cat\/es\/product\/centre-espat-ib-bellota-jos\/\" \/>\n<meta property=\"og:site_name\" content=\"Arnall\" \/>\n<meta property=\"article:modified_time\" content=\"2022-11-30T08:32:20+00:00\" \/>\n<meta property=\"og:image\" content=\"https:\/\/www.arnall.cat\/wp-content\/uploads\/2020\/03\/PALETA-JOSELITO-DESHUESADA-2019-scaled.jpg\" \/>\n\t<meta property=\"og:image:width\" content=\"2560\" \/>\n\t<meta property=\"og:image:height\" content=\"1764\" \/>\n\t<meta property=\"og:image:type\" content=\"image\/jpeg\" \/>\n<meta name=\"twitter:card\" content=\"summary_large_image\" \/>\n<script type=\"application\/ld+json\" class=\"yoast-schema-graph\">{\"@context\":\"https:\/\/schema.org\",\"@graph\":[{\"@type\":\"WebPage\",\"@id\":\"https:\/\/www.arnall.cat\/es\/product\/centre-espat-ib-bellota-jos\/\",\"url\":\"https:\/\/www.arnall.cat\/es\/product\/centre-espat-ib-bellota-jos\/\",\"name\":\"[:ca]C.ESP.JOSELITO IB?RICA GLA[:es]CENTRE ESPAT. IB.\\\"BELLOTA\\\" JOS[:] - Arnall\",\"isPartOf\":{\"@id\":\"https:\/\/www.arnall.cat\/#website\"},\"primaryImageOfPage\":{\"@id\":\"https:\/\/www.arnall.cat\/es\/product\/centre-espat-ib-bellota-jos\/#primaryimage\"},\"image\":{\"@id\":\"https:\/\/www.arnall.cat\/es\/product\/centre-espat-ib-bellota-jos\/#primaryimage\"},\"thumbnailUrl\":\"https:\/\/www.arnall.cat\/wp-content\/uploads\/2020\/03\/PALETA-JOSELITO-DESHUESADA-2019-scaled.jpg\",\"datePublished\":\"2020-03-05T10:57:25+00:00\",\"dateModified\":\"2022-11-30T08:32:20+00:00\",\"breadcrumb\":{\"@id\":\"https:\/\/www.arnall.cat\/es\/product\/centre-espat-ib-bellota-jos\/#breadcrumb\"},\"inLanguage\":\"es\",\"potentialAction\":[{\"@type\":\"ReadAction\",\"target\":[\"https:\/\/www.arnall.cat\/es\/product\/centre-espat-ib-bellota-jos\/\"]}]},{\"@type\":\"ImageObject\",\"inLanguage\":\"es\",\"@id\":\"https:\/\/www.arnall.cat\/es\/product\/centre-espat-ib-bellota-jos\/#primaryimage\",\"url\":\"https:\/\/www.arnall.cat\/wp-content\/uploads\/2020\/03\/PALETA-JOSELITO-DESHUESADA-2019-scaled.jpg\",\"contentUrl\":\"https:\/\/www.arnall.cat\/wp-content\/uploads\/2020\/03\/PALETA-JOSELITO-DESHUESADA-2019-scaled.jpg\",\"width\":2560,\"height\":1764},{\"@type\":\"BreadcrumbList\",\"@id\":\"https:\/\/www.arnall.cat\/es\/product\/centre-espat-ib-bellota-jos\/#breadcrumb\",\"itemListElement\":[{\"@type\":\"ListItem\",\"position\":1,\"name\":\"Inici\",\"item\":\"https:\/\/www.arnall.cat\/\"},{\"@type\":\"ListItem\",\"position\":2,\"name\":\"Productos\",\"item\":\"https:\/\/www.arnall.cat\/es\/productes\/\"},{\"@type\":\"ListItem\",\"position\":3,\"name\":\"CENTRE ESPAT. IB.&#8221;BELLOTA&#8221; JOS\"}]},{\"@type\":\"WebSite\",\"@id\":\"https:\/\/www.arnall.cat\/#website\",\"url\":\"https:\/\/www.arnall.cat\/\",\"name\":\"Arnall\",\"description\":\"\",\"potentialAction\":[{\"@type\":\"SearchAction\",\"target\":{\"@type\":\"EntryPoint\",\"urlTemplate\":\"https:\/\/www.arnall.cat\/?s={search_term_string}\"},\"query-input\":{\"@type\":\"PropertyValueSpecification\",\"valueRequired\":true,\"valueName\":\"search_term_string\"}}],\"inLanguage\":\"es\"}]}<\/script>\n<!-- \/ Yoast SEO plugin. -->","yoast_head_json":{"title":"[:ca]C.ESP.JOSELITO IB?RICA GLA[:es]CENTRE ESPAT. IB.\"BELLOTA\" JOS[:] - Arnall","robots":{"index":"index","follow":"follow","max-snippet":"max-snippet:-1","max-image-preview":"max-image-preview:large","max-video-preview":"max-video-preview:-1"},"canonical":"https:\/\/www.arnall.cat\/es\/product\/centre-espat-ib-bellota-jos\/","og_locale":"es_ES","og_type":"article","og_title":"[:ca]C.ESP.JOSELITO IB?RICA GLA[:es]CENTRE ESPAT. IB.\"BELLOTA\" JOS[:] - Arnall","og_description":"[:ca]11,65\u20ac 100gr Guijuelo, curaci\u00f3 + 3 anys.[:es]11,65\u20ac 100gr Guijuelo, curaci\u00f3 + 3 anys.  [:]","og_url":"https:\/\/www.arnall.cat\/es\/product\/centre-espat-ib-bellota-jos\/","og_site_name":"Arnall","article_modified_time":"2022-11-30T08:32:20+00:00","og_image":[{"width":2560,"height":1764,"url":"https:\/\/www.arnall.cat\/wp-content\/uploads\/2020\/03\/PALETA-JOSELITO-DESHUESADA-2019-scaled.jpg","type":"image\/jpeg"}],"twitter_card":"summary_large_image","schema":{"@context":"https:\/\/schema.org","@graph":[{"@type":"WebPage","@id":"https:\/\/www.arnall.cat\/es\/product\/centre-espat-ib-bellota-jos\/","url":"https:\/\/www.arnall.cat\/es\/product\/centre-espat-ib-bellota-jos\/","name":"[:ca]C.ESP.JOSELITO IB?RICA GLA[:es]CENTRE ESPAT. IB.\"BELLOTA\" JOS[:] - Arnall","isPartOf":{"@id":"https:\/\/www.arnall.cat\/#website"},"primaryImageOfPage":{"@id":"https:\/\/www.arnall.cat\/es\/product\/centre-espat-ib-bellota-jos\/#primaryimage"},"image":{"@id":"https:\/\/www.arnall.cat\/es\/product\/centre-espat-ib-bellota-jos\/#primaryimage"},"thumbnailUrl":"https:\/\/www.arnall.cat\/wp-content\/uploads\/2020\/03\/PALETA-JOSELITO-DESHUESADA-2019-scaled.jpg","datePublished":"2020-03-05T10:57:25+00:00","dateModified":"2022-11-30T08:32:20+00:00","breadcrumb":{"@id":"https:\/\/www.arnall.cat\/es\/product\/centre-espat-ib-bellota-jos\/#breadcrumb"},"inLanguage":"es","potentialAction":[{"@type":"ReadAction","target":["https:\/\/www.arnall.cat\/es\/product\/centre-espat-ib-bellota-jos\/"]}]},{"@type":"ImageObject","inLanguage":"es","@id":"https:\/\/www.arnall.cat\/es\/product\/centre-espat-ib-bellota-jos\/#primaryimage","url":"https:\/\/www.arnall.cat\/wp-content\/uploads\/2020\/03\/PALETA-JOSELITO-DESHUESADA-2019-scaled.jpg","contentUrl":"https:\/\/www.arnall.cat\/wp-content\/uploads\/2020\/03\/PALETA-JOSELITO-DESHUESADA-2019-scaled.jpg","width":2560,"height":1764},{"@type":"BreadcrumbList","@id":"https:\/\/www.arnall.cat\/es\/product\/centre-espat-ib-bellota-jos\/#breadcrumb","itemListElement":[{"@type":"ListItem","position":1,"name":"Inici","item":"https:\/\/www.arnall.cat\/"},{"@type":"ListItem","position":2,"name":"Productos","item":"https:\/\/www.arnall.cat\/es\/productes\/"},{"@type":"ListItem","position":3,"name":"CENTRE ESPAT. IB.&#8221;BELLOTA&#8221; JOS"}]},{"@type":"WebSite","@id":"https:\/\/www.arnall.cat\/#website","url":"https:\/\/www.arnall.cat\/","name":"Arnall","description":"","potentialAction":[{"@type":"SearchAction","target":{"@type":"EntryPoint","urlTemplate":"https:\/\/www.arnall.cat\/?s={search_term_string}"},"query-input":{"@type":"PropertyValueSpecification","valueRequired":true,"valueName":"search_term_string"}}],"inLanguage":"es"}]}},"_links":{"self":[{"href":"https:\/\/www.arnall.cat\/es\/wp-json\/wp\/v2\/product\/6376"}],"collection":[{"href":"https:\/\/www.arnall.cat\/es\/wp-json\/wp\/v2\/product"}],"about":[{"href":"https:\/\/www.arnall.cat\/es\/wp-json\/wp\/v2\/types\/product"}],"wp:featuredmedia":[{"embeddable":true,"href":"https:\/\/www.arnall.cat\/es\/wp-json\/wp\/v2\/media\/10826"}],"wp:attachment":[{"href":"https:\/\/www.arnall.cat\/es\/wp-json\/wp\/v2\/media?parent=6376"}],"curies":[{"name":"wp","href":"https:\/\/api.w.org\/{rel}","templated":true}]}}