{"id":6469,"date":"2020-03-05T10:57:29","date_gmt":"2020-03-05T10:57:29","guid":{"rendered":"http:\/\/www.arnall.cat\/product\/brie-roitelette\/"},"modified":"2022-11-29T17:10:01","modified_gmt":"2022-11-29T15:10:01","slug":"brie-roitelette","status":"publish","type":"product","link":"https:\/\/www.arnall.cat\/es\/product\/brie-roitelette\/","title":{"rendered":"BRIE ROITELETTE"},"content":{"rendered":"<p>Crem\u00f3s. Gust molt suau i m\u00e9s fi que el altres bries. Cada 100 gr. tenen 382mg. de calci (el 48% de quantitat di\u00e0ria recomanada).<\/p>\n","protected":false},"excerpt":{"rendered":"<p>Llet de vaca. Fran\u00e7a (Normandia).<\/p>\n","protected":false},"featured_media":7640,"template":"","meta":[],"class_list":{"0":"post-6469","1":"product","2":"type-product","3":"status-publish","4":"has-post-thumbnail","6":"product_cat-7-formatges","7":"product_cat-4-formatges-francesos","9":"first","10":"instock","11":"shipping-taxable","12":"purchasable","13":"product-type-simple"},"yoast_head":"<!-- This site is optimized with the Yoast SEO plugin v24.1 - https:\/\/yoast.com\/wordpress\/plugins\/seo\/ -->\n<title>BRIE ROITELETTE - Arnall<\/title>\n<meta name=\"robots\" content=\"index, follow, max-snippet:-1, max-image-preview:large, max-video-preview:-1\" \/>\n<link rel=\"canonical\" href=\"https:\/\/www.arnall.cat\/product\/brie-roitelette\/\" \/>\n<meta property=\"og:locale\" content=\"es_ES\" \/>\n<meta property=\"og:type\" content=\"article\" \/>\n<meta property=\"og:title\" content=\"[:ca]BRIE ROITELETTE[:es]BRIE ROITELETTE[:] - Arnall\" \/>\n<meta property=\"og:description\" content=\"Llet de vaca. Fran\u00e7a (Normandia).\" \/>\n<meta property=\"og:url\" content=\"https:\/\/www.arnall.cat\/product\/brie-roitelette\/\" \/>\n<meta property=\"og:site_name\" content=\"Arnall\" \/>\n<meta property=\"article:modified_time\" content=\"2022-11-29T15:10:01+00:00\" \/>\n<meta property=\"og:image\" content=\"https:\/\/www.arnall.cat\/wp-content\/uploads\/2020\/03\/brie-Roitelette.jpg\" \/>\n\t<meta property=\"og:image:width\" content=\"360\" \/>\n\t<meta property=\"og:image:height\" content=\"359\" \/>\n\t<meta property=\"og:image:type\" content=\"image\/jpeg\" \/>\n<meta name=\"twitter:card\" content=\"summary_large_image\" \/>\n<meta name=\"twitter:label1\" content=\"Tiempo de lectura\" \/>\n\t<meta name=\"twitter:data1\" content=\"1 minuto\" \/>\n<script type=\"application\/ld+json\" class=\"yoast-schema-graph\">{\"@context\":\"https:\/\/schema.org\",\"@graph\":[{\"@type\":\"WebPage\",\"@id\":\"https:\/\/www.arnall.cat\/product\/brie-roitelette\/\",\"url\":\"https:\/\/www.arnall.cat\/product\/brie-roitelette\/\",\"name\":\"[:ca]BRIE ROITELETTE[:es]BRIE ROITELETTE[:] - Arnall\",\"isPartOf\":{\"@id\":\"https:\/\/www.arnall.cat\/#website\"},\"primaryImageOfPage\":{\"@id\":\"https:\/\/www.arnall.cat\/product\/brie-roitelette\/#primaryimage\"},\"image\":{\"@id\":\"https:\/\/www.arnall.cat\/product\/brie-roitelette\/#primaryimage\"},\"thumbnailUrl\":\"https:\/\/www.arnall.cat\/wp-content\/uploads\/2020\/03\/brie-Roitelette.jpg\",\"datePublished\":\"2020-03-05T10:57:29+00:00\",\"dateModified\":\"2022-11-29T15:10:01+00:00\",\"breadcrumb\":{\"@id\":\"https:\/\/www.arnall.cat\/product\/brie-roitelette\/#breadcrumb\"},\"inLanguage\":\"es\",\"potentialAction\":[{\"@type\":\"ReadAction\",\"target\":[\"https:\/\/www.arnall.cat\/product\/brie-roitelette\/\"]}]},{\"@type\":\"ImageObject\",\"inLanguage\":\"es\",\"@id\":\"https:\/\/www.arnall.cat\/product\/brie-roitelette\/#primaryimage\",\"url\":\"https:\/\/www.arnall.cat\/wp-content\/uploads\/2020\/03\/brie-Roitelette.jpg\",\"contentUrl\":\"https:\/\/www.arnall.cat\/wp-content\/uploads\/2020\/03\/brie-Roitelette.jpg\",\"width\":360,\"height\":359},{\"@type\":\"BreadcrumbList\",\"@id\":\"https:\/\/www.arnall.cat\/product\/brie-roitelette\/#breadcrumb\",\"itemListElement\":[{\"@type\":\"ListItem\",\"position\":1,\"name\":\"Inici\",\"item\":\"https:\/\/www.arnall.cat\/\"},{\"@type\":\"ListItem\",\"position\":2,\"name\":\"Productos\",\"item\":\"https:\/\/www.arnall.cat\/es\/productes\/\"},{\"@type\":\"ListItem\",\"position\":3,\"name\":\"BRIE ROITELETTE\"}]},{\"@type\":\"WebSite\",\"@id\":\"https:\/\/www.arnall.cat\/#website\",\"url\":\"https:\/\/www.arnall.cat\/\",\"name\":\"Arnall\",\"description\":\"\",\"potentialAction\":[{\"@type\":\"SearchAction\",\"target\":{\"@type\":\"EntryPoint\",\"urlTemplate\":\"https:\/\/www.arnall.cat\/?s={search_term_string}\"},\"query-input\":{\"@type\":\"PropertyValueSpecification\",\"valueRequired\":true,\"valueName\":\"search_term_string\"}}],\"inLanguage\":\"es\"}]}<\/script>\n<!-- \/ Yoast SEO plugin. -->","yoast_head_json":{"title":"[:ca]BRIE ROITELETTE[:es]BRIE ROITELETTE[:] - Arnall","robots":{"index":"index","follow":"follow","max-snippet":"max-snippet:-1","max-image-preview":"max-image-preview:large","max-video-preview":"max-video-preview:-1"},"canonical":"https:\/\/www.arnall.cat\/product\/brie-roitelette\/","og_locale":"es_ES","og_type":"article","og_title":"[:ca]BRIE ROITELETTE[:es]BRIE ROITELETTE[:] - Arnall","og_description":"Llet de vaca. Fran\u00e7a (Normandia).","og_url":"https:\/\/www.arnall.cat\/product\/brie-roitelette\/","og_site_name":"Arnall","article_modified_time":"2022-11-29T15:10:01+00:00","og_image":[{"width":360,"height":359,"url":"https:\/\/www.arnall.cat\/wp-content\/uploads\/2020\/03\/brie-Roitelette.jpg","type":"image\/jpeg"}],"twitter_card":"summary_large_image","twitter_misc":{"Tiempo de lectura":"1 minuto"},"schema":{"@context":"https:\/\/schema.org","@graph":[{"@type":"WebPage","@id":"https:\/\/www.arnall.cat\/product\/brie-roitelette\/","url":"https:\/\/www.arnall.cat\/product\/brie-roitelette\/","name":"[:ca]BRIE ROITELETTE[:es]BRIE ROITELETTE[:] - Arnall","isPartOf":{"@id":"https:\/\/www.arnall.cat\/#website"},"primaryImageOfPage":{"@id":"https:\/\/www.arnall.cat\/product\/brie-roitelette\/#primaryimage"},"image":{"@id":"https:\/\/www.arnall.cat\/product\/brie-roitelette\/#primaryimage"},"thumbnailUrl":"https:\/\/www.arnall.cat\/wp-content\/uploads\/2020\/03\/brie-Roitelette.jpg","datePublished":"2020-03-05T10:57:29+00:00","dateModified":"2022-11-29T15:10:01+00:00","breadcrumb":{"@id":"https:\/\/www.arnall.cat\/product\/brie-roitelette\/#breadcrumb"},"inLanguage":"es","potentialAction":[{"@type":"ReadAction","target":["https:\/\/www.arnall.cat\/product\/brie-roitelette\/"]}]},{"@type":"ImageObject","inLanguage":"es","@id":"https:\/\/www.arnall.cat\/product\/brie-roitelette\/#primaryimage","url":"https:\/\/www.arnall.cat\/wp-content\/uploads\/2020\/03\/brie-Roitelette.jpg","contentUrl":"https:\/\/www.arnall.cat\/wp-content\/uploads\/2020\/03\/brie-Roitelette.jpg","width":360,"height":359},{"@type":"BreadcrumbList","@id":"https:\/\/www.arnall.cat\/product\/brie-roitelette\/#breadcrumb","itemListElement":[{"@type":"ListItem","position":1,"name":"Inici","item":"https:\/\/www.arnall.cat\/"},{"@type":"ListItem","position":2,"name":"Productos","item":"https:\/\/www.arnall.cat\/es\/productes\/"},{"@type":"ListItem","position":3,"name":"BRIE ROITELETTE"}]},{"@type":"WebSite","@id":"https:\/\/www.arnall.cat\/#website","url":"https:\/\/www.arnall.cat\/","name":"Arnall","description":"","potentialAction":[{"@type":"SearchAction","target":{"@type":"EntryPoint","urlTemplate":"https:\/\/www.arnall.cat\/?s={search_term_string}"},"query-input":{"@type":"PropertyValueSpecification","valueRequired":true,"valueName":"search_term_string"}}],"inLanguage":"es"}]}},"_links":{"self":[{"href":"https:\/\/www.arnall.cat\/es\/wp-json\/wp\/v2\/product\/6469"}],"collection":[{"href":"https:\/\/www.arnall.cat\/es\/wp-json\/wp\/v2\/product"}],"about":[{"href":"https:\/\/www.arnall.cat\/es\/wp-json\/wp\/v2\/types\/product"}],"wp:featuredmedia":[{"embeddable":true,"href":"https:\/\/www.arnall.cat\/es\/wp-json\/wp\/v2\/media\/7640"}],"wp:attachment":[{"href":"https:\/\/www.arnall.cat\/es\/wp-json\/wp\/v2\/media?parent=6469"}],"curies":[{"name":"wp","href":"https:\/\/api.w.org\/{rel}","templated":true}]}}