{"id":6482,"date":"2020-03-05T10:57:29","date_gmt":"2020-03-05T10:57:29","guid":{"rendered":"http:\/\/www.arnall.cat\/product\/petit-delice-des-cremiers\/"},"modified":"2022-11-29T17:15:50","modified_gmt":"2022-11-29T15:15:50","slug":"petit-delice-des-cremiers","status":"publish","type":"product","link":"https:\/\/www.arnall.cat\/es\/product\/petit-delice-des-cremiers\/","title":{"rendered":"PETIT DELICE DES CREMIERS"},"content":{"rendered":"<p>Formatge suau elaborat amb llet i crema de vaca de la regi\u00f3 de Borgonya i t\u00f2fones. Aquest t\u00edpic formatge de vinya madura a les bodegues durant almenys 10-14 dies i continua madurant a la caixa de fusta durant dues setmanes m\u00e9s. Podeu deixar que quedi madurant a la caixa perqu\u00e8 el formatge sigui encara m\u00e9s crem\u00f3s.<br \/>\n<\/p>","protected":false},"excerpt":{"rendered":"<p>Llet de vaca. Fran\u00e7a.<\/p>\n","protected":false},"featured_media":7741,"template":"","meta":[],"class_list":{"0":"post-6482","1":"product","2":"type-product","3":"status-publish","4":"has-post-thumbnail","6":"product_cat-7-formatges","7":"product_cat-4-formatges-francesos","9":"first","10":"instock","11":"shipping-taxable","12":"purchasable","13":"product-type-simple"},"yoast_head":"<!-- This site is optimized with the Yoast SEO plugin v24.1 - https:\/\/yoast.com\/wordpress\/plugins\/seo\/ -->\n<title>PETIT DELICE DES CREMIERS - Arnall<\/title>\n<meta name=\"robots\" content=\"index, follow, max-snippet:-1, max-image-preview:large, max-video-preview:-1\" \/>\n<link rel=\"canonical\" href=\"https:\/\/www.arnall.cat\/product\/petit-delice-des-cremiers\/\" \/>\n<meta property=\"og:locale\" content=\"es_ES\" \/>\n<meta property=\"og:type\" content=\"article\" \/>\n<meta property=\"og:title\" content=\"[:ca]PETIT DELICE DES CREMIERS[:es]PETIT DELICE DES CREMIERS[:] - Arnall\" \/>\n<meta property=\"og:description\" content=\"[:ca]Llet de vaca. Fran\u00e7a.[:es]Llet de vaca. Fran\u00e7a. [:]\" \/>\n<meta property=\"og:url\" content=\"https:\/\/www.arnall.cat\/product\/petit-delice-des-cremiers\/\" \/>\n<meta property=\"og:site_name\" content=\"Arnall\" \/>\n<meta property=\"article:modified_time\" content=\"2022-11-29T15:15:50+00:00\" \/>\n<meta property=\"og:image\" content=\"https:\/\/www.arnall.cat\/wp-content\/uploads\/2020\/03\/PETIT-D\u00c9LICE-DES-CR\u00c9MIERS-AUX-TRUFFES-LA-TRADITION-200GR.gif\" \/>\n\t<meta property=\"og:image:width\" content=\"300\" \/>\n\t<meta property=\"og:image:height\" content=\"300\" \/>\n\t<meta property=\"og:image:type\" content=\"image\/gif\" \/>\n<meta name=\"twitter:card\" content=\"summary_large_image\" \/>\n<meta name=\"twitter:label1\" content=\"Tiempo de lectura\" \/>\n\t<meta name=\"twitter:data1\" content=\"1 minuto\" \/>\n<script type=\"application\/ld+json\" class=\"yoast-schema-graph\">{\"@context\":\"https:\/\/schema.org\",\"@graph\":[{\"@type\":\"WebPage\",\"@id\":\"https:\/\/www.arnall.cat\/product\/petit-delice-des-cremiers\/\",\"url\":\"https:\/\/www.arnall.cat\/product\/petit-delice-des-cremiers\/\",\"name\":\"[:ca]PETIT DELICE DES CREMIERS[:es]PETIT DELICE DES CREMIERS[:] - Arnall\",\"isPartOf\":{\"@id\":\"https:\/\/www.arnall.cat\/#website\"},\"primaryImageOfPage\":{\"@id\":\"https:\/\/www.arnall.cat\/product\/petit-delice-des-cremiers\/#primaryimage\"},\"image\":{\"@id\":\"https:\/\/www.arnall.cat\/product\/petit-delice-des-cremiers\/#primaryimage\"},\"thumbnailUrl\":\"https:\/\/www.arnall.cat\/wp-content\/uploads\/2020\/03\/PETIT-D\u00c9LICE-DES-CR\u00c9MIERS-AUX-TRUFFES-LA-TRADITION-200GR.gif\",\"datePublished\":\"2020-03-05T10:57:29+00:00\",\"dateModified\":\"2022-11-29T15:15:50+00:00\",\"breadcrumb\":{\"@id\":\"https:\/\/www.arnall.cat\/product\/petit-delice-des-cremiers\/#breadcrumb\"},\"inLanguage\":\"es\",\"potentialAction\":[{\"@type\":\"ReadAction\",\"target\":[\"https:\/\/www.arnall.cat\/product\/petit-delice-des-cremiers\/\"]}]},{\"@type\":\"ImageObject\",\"inLanguage\":\"es\",\"@id\":\"https:\/\/www.arnall.cat\/product\/petit-delice-des-cremiers\/#primaryimage\",\"url\":\"https:\/\/www.arnall.cat\/wp-content\/uploads\/2020\/03\/PETIT-D\u00c9LICE-DES-CR\u00c9MIERS-AUX-TRUFFES-LA-TRADITION-200GR.gif\",\"contentUrl\":\"https:\/\/www.arnall.cat\/wp-content\/uploads\/2020\/03\/PETIT-D\u00c9LICE-DES-CR\u00c9MIERS-AUX-TRUFFES-LA-TRADITION-200GR.gif\",\"width\":300,\"height\":300},{\"@type\":\"BreadcrumbList\",\"@id\":\"https:\/\/www.arnall.cat\/product\/petit-delice-des-cremiers\/#breadcrumb\",\"itemListElement\":[{\"@type\":\"ListItem\",\"position\":1,\"name\":\"Inici\",\"item\":\"https:\/\/www.arnall.cat\/\"},{\"@type\":\"ListItem\",\"position\":2,\"name\":\"Productos\",\"item\":\"https:\/\/www.arnall.cat\/es\/productes\/\"},{\"@type\":\"ListItem\",\"position\":3,\"name\":\"PETIT DELICE DES CREMIERS\"}]},{\"@type\":\"WebSite\",\"@id\":\"https:\/\/www.arnall.cat\/#website\",\"url\":\"https:\/\/www.arnall.cat\/\",\"name\":\"Arnall\",\"description\":\"\",\"potentialAction\":[{\"@type\":\"SearchAction\",\"target\":{\"@type\":\"EntryPoint\",\"urlTemplate\":\"https:\/\/www.arnall.cat\/?s={search_term_string}\"},\"query-input\":{\"@type\":\"PropertyValueSpecification\",\"valueRequired\":true,\"valueName\":\"search_term_string\"}}],\"inLanguage\":\"es\"}]}<\/script>\n<!-- \/ Yoast SEO plugin. -->","yoast_head_json":{"title":"[:ca]PETIT DELICE DES CREMIERS[:es]PETIT DELICE DES CREMIERS[:] - Arnall","robots":{"index":"index","follow":"follow","max-snippet":"max-snippet:-1","max-image-preview":"max-image-preview:large","max-video-preview":"max-video-preview:-1"},"canonical":"https:\/\/www.arnall.cat\/product\/petit-delice-des-cremiers\/","og_locale":"es_ES","og_type":"article","og_title":"[:ca]PETIT DELICE DES CREMIERS[:es]PETIT DELICE DES CREMIERS[:] - Arnall","og_description":"[:ca]Llet de vaca. Fran\u00e7a.[:es]Llet de vaca. Fran\u00e7a. [:]","og_url":"https:\/\/www.arnall.cat\/product\/petit-delice-des-cremiers\/","og_site_name":"Arnall","article_modified_time":"2022-11-29T15:15:50+00:00","og_image":[{"width":300,"height":300,"url":"https:\/\/www.arnall.cat\/wp-content\/uploads\/2020\/03\/PETIT-D\u00c9LICE-DES-CR\u00c9MIERS-AUX-TRUFFES-LA-TRADITION-200GR.gif","type":"image\/gif"}],"twitter_card":"summary_large_image","twitter_misc":{"Tiempo de lectura":"1 minuto"},"schema":{"@context":"https:\/\/schema.org","@graph":[{"@type":"WebPage","@id":"https:\/\/www.arnall.cat\/product\/petit-delice-des-cremiers\/","url":"https:\/\/www.arnall.cat\/product\/petit-delice-des-cremiers\/","name":"[:ca]PETIT DELICE DES CREMIERS[:es]PETIT DELICE DES CREMIERS[:] - Arnall","isPartOf":{"@id":"https:\/\/www.arnall.cat\/#website"},"primaryImageOfPage":{"@id":"https:\/\/www.arnall.cat\/product\/petit-delice-des-cremiers\/#primaryimage"},"image":{"@id":"https:\/\/www.arnall.cat\/product\/petit-delice-des-cremiers\/#primaryimage"},"thumbnailUrl":"https:\/\/www.arnall.cat\/wp-content\/uploads\/2020\/03\/PETIT-D\u00c9LICE-DES-CR\u00c9MIERS-AUX-TRUFFES-LA-TRADITION-200GR.gif","datePublished":"2020-03-05T10:57:29+00:00","dateModified":"2022-11-29T15:15:50+00:00","breadcrumb":{"@id":"https:\/\/www.arnall.cat\/product\/petit-delice-des-cremiers\/#breadcrumb"},"inLanguage":"es","potentialAction":[{"@type":"ReadAction","target":["https:\/\/www.arnall.cat\/product\/petit-delice-des-cremiers\/"]}]},{"@type":"ImageObject","inLanguage":"es","@id":"https:\/\/www.arnall.cat\/product\/petit-delice-des-cremiers\/#primaryimage","url":"https:\/\/www.arnall.cat\/wp-content\/uploads\/2020\/03\/PETIT-D\u00c9LICE-DES-CR\u00c9MIERS-AUX-TRUFFES-LA-TRADITION-200GR.gif","contentUrl":"https:\/\/www.arnall.cat\/wp-content\/uploads\/2020\/03\/PETIT-D\u00c9LICE-DES-CR\u00c9MIERS-AUX-TRUFFES-LA-TRADITION-200GR.gif","width":300,"height":300},{"@type":"BreadcrumbList","@id":"https:\/\/www.arnall.cat\/product\/petit-delice-des-cremiers\/#breadcrumb","itemListElement":[{"@type":"ListItem","position":1,"name":"Inici","item":"https:\/\/www.arnall.cat\/"},{"@type":"ListItem","position":2,"name":"Productos","item":"https:\/\/www.arnall.cat\/es\/productes\/"},{"@type":"ListItem","position":3,"name":"PETIT DELICE DES CREMIERS"}]},{"@type":"WebSite","@id":"https:\/\/www.arnall.cat\/#website","url":"https:\/\/www.arnall.cat\/","name":"Arnall","description":"","potentialAction":[{"@type":"SearchAction","target":{"@type":"EntryPoint","urlTemplate":"https:\/\/www.arnall.cat\/?s={search_term_string}"},"query-input":{"@type":"PropertyValueSpecification","valueRequired":true,"valueName":"search_term_string"}}],"inLanguage":"es"}]}},"_links":{"self":[{"href":"https:\/\/www.arnall.cat\/es\/wp-json\/wp\/v2\/product\/6482"}],"collection":[{"href":"https:\/\/www.arnall.cat\/es\/wp-json\/wp\/v2\/product"}],"about":[{"href":"https:\/\/www.arnall.cat\/es\/wp-json\/wp\/v2\/types\/product"}],"wp:featuredmedia":[{"embeddable":true,"href":"https:\/\/www.arnall.cat\/es\/wp-json\/wp\/v2\/media\/7741"}],"wp:attachment":[{"href":"https:\/\/www.arnall.cat\/es\/wp-json\/wp\/v2\/media?parent=6482"}],"curies":[{"name":"wp","href":"https:\/\/api.w.org\/{rel}","templated":true}]}}