{"id":6516,"date":"2020-03-05T10:57:30","date_gmt":"2020-03-05T10:57:30","guid":{"rendered":"http:\/\/www.arnall.cat\/product\/molitierno-tartufo\/"},"modified":"2024-12-17T09:43:02","modified_gmt":"2024-12-17T07:43:02","slug":"molitierno-tartufo","status":"publish","type":"product","link":"https:\/\/www.arnall.cat\/es\/product\/molitierno-tartufo\/","title":{"rendered":"MOLITERNO TARTUFO"},"content":{"rendered":"<p>Producci\u00f3 artesanal. Despr\u00e9s de la maduraci\u00f3 durant 5-6 mesos, el Moliterno s\u2019infusiona lentament amb t\u00f2fones (Tuber Aestivum Vitt. 5%), visibles a les venes del formatge. El gust de la t\u00f2fona es propaga lentament per tot el formatge, donant-li un sabor ric i delicat tan caracter\u00edstic d\u2019aquest preuat fong.  Amb betes de t\u00f2fona negra injectada. Gust fort, picant i una mica salat.<\/p>\n","protected":false},"excerpt":{"rendered":"<p>Llet crua d\u00b4ovella. Sardenya (It\u00e0lia)<\/p>\n","protected":false},"featured_media":7723,"template":"","meta":[],"class_list":{"0":"post-6516","1":"product","2":"type-product","3":"status-publish","4":"has-post-thumbnail","6":"product_cat-7-formatges","7":"product_cat-9-altres-formatges","9":"first","10":"instock","11":"shipping-taxable","12":"purchasable","13":"product-type-simple"},"yoast_head":"<!-- This site is optimized with the Yoast SEO plugin v24.1 - https:\/\/yoast.com\/wordpress\/plugins\/seo\/ -->\n<title>MOLITERNO TARTUFO - Arnall<\/title>\n<meta name=\"robots\" content=\"index, follow, max-snippet:-1, max-image-preview:large, max-video-preview:-1\" \/>\n<link rel=\"canonical\" href=\"https:\/\/www.arnall.cat\/product\/molitierno-tartufo\/\" \/>\n<meta property=\"og:locale\" content=\"es_ES\" \/>\n<meta property=\"og:type\" content=\"article\" \/>\n<meta property=\"og:title\" content=\"[:ca]MOLITERNO TARTUFO[:es]MOLITERNO TARTUFO[:] - Arnall\" \/>\n<meta property=\"og:description\" content=\"Llet crua d\u00b4ovella. Sardenya (It\u00e0lia)\" \/>\n<meta property=\"og:url\" content=\"https:\/\/www.arnall.cat\/product\/molitierno-tartufo\/\" \/>\n<meta property=\"og:site_name\" content=\"Arnall\" \/>\n<meta property=\"article:modified_time\" content=\"2024-12-17T07:43:02+00:00\" \/>\n<meta property=\"og:image\" content=\"https:\/\/www.arnall.cat\/wp-content\/uploads\/2020\/03\/pecorino-de-moliterno-al-tartufo-5-kilos.jpg\" \/>\n\t<meta property=\"og:image:width\" content=\"525\" \/>\n\t<meta property=\"og:image:height\" content=\"525\" \/>\n\t<meta property=\"og:image:type\" content=\"image\/jpeg\" \/>\n<meta name=\"twitter:card\" content=\"summary_large_image\" \/>\n<meta name=\"twitter:label1\" content=\"Tiempo de lectura\" \/>\n\t<meta name=\"twitter:data1\" content=\"1 minuto\" \/>\n<script type=\"application\/ld+json\" class=\"yoast-schema-graph\">{\"@context\":\"https:\/\/schema.org\",\"@graph\":[{\"@type\":\"WebPage\",\"@id\":\"https:\/\/www.arnall.cat\/product\/molitierno-tartufo\/\",\"url\":\"https:\/\/www.arnall.cat\/product\/molitierno-tartufo\/\",\"name\":\"[:ca]MOLITERNO TARTUFO[:es]MOLITERNO TARTUFO[:] - Arnall\",\"isPartOf\":{\"@id\":\"https:\/\/www.arnall.cat\/#website\"},\"primaryImageOfPage\":{\"@id\":\"https:\/\/www.arnall.cat\/product\/molitierno-tartufo\/#primaryimage\"},\"image\":{\"@id\":\"https:\/\/www.arnall.cat\/product\/molitierno-tartufo\/#primaryimage\"},\"thumbnailUrl\":\"https:\/\/www.arnall.cat\/wp-content\/uploads\/2020\/03\/pecorino-de-moliterno-al-tartufo-5-kilos.jpg\",\"datePublished\":\"2020-03-05T10:57:30+00:00\",\"dateModified\":\"2024-12-17T07:43:02+00:00\",\"breadcrumb\":{\"@id\":\"https:\/\/www.arnall.cat\/product\/molitierno-tartufo\/#breadcrumb\"},\"inLanguage\":\"es\",\"potentialAction\":[{\"@type\":\"ReadAction\",\"target\":[\"https:\/\/www.arnall.cat\/product\/molitierno-tartufo\/\"]}]},{\"@type\":\"ImageObject\",\"inLanguage\":\"es\",\"@id\":\"https:\/\/www.arnall.cat\/product\/molitierno-tartufo\/#primaryimage\",\"url\":\"https:\/\/www.arnall.cat\/wp-content\/uploads\/2020\/03\/pecorino-de-moliterno-al-tartufo-5-kilos.jpg\",\"contentUrl\":\"https:\/\/www.arnall.cat\/wp-content\/uploads\/2020\/03\/pecorino-de-moliterno-al-tartufo-5-kilos.jpg\",\"width\":525,\"height\":525},{\"@type\":\"BreadcrumbList\",\"@id\":\"https:\/\/www.arnall.cat\/product\/molitierno-tartufo\/#breadcrumb\",\"itemListElement\":[{\"@type\":\"ListItem\",\"position\":1,\"name\":\"Inici\",\"item\":\"https:\/\/www.arnall.cat\/\"},{\"@type\":\"ListItem\",\"position\":2,\"name\":\"Productos\",\"item\":\"https:\/\/www.arnall.cat\/es\/productes\/\"},{\"@type\":\"ListItem\",\"position\":3,\"name\":\"MOLITERNO TARTUFO\"}]},{\"@type\":\"WebSite\",\"@id\":\"https:\/\/www.arnall.cat\/#website\",\"url\":\"https:\/\/www.arnall.cat\/\",\"name\":\"Arnall\",\"description\":\"\",\"potentialAction\":[{\"@type\":\"SearchAction\",\"target\":{\"@type\":\"EntryPoint\",\"urlTemplate\":\"https:\/\/www.arnall.cat\/?s={search_term_string}\"},\"query-input\":{\"@type\":\"PropertyValueSpecification\",\"valueRequired\":true,\"valueName\":\"search_term_string\"}}],\"inLanguage\":\"es\"}]}<\/script>\n<!-- \/ Yoast SEO plugin. -->","yoast_head_json":{"title":"[:ca]MOLITERNO TARTUFO[:es]MOLITERNO TARTUFO[:] - Arnall","robots":{"index":"index","follow":"follow","max-snippet":"max-snippet:-1","max-image-preview":"max-image-preview:large","max-video-preview":"max-video-preview:-1"},"canonical":"https:\/\/www.arnall.cat\/product\/molitierno-tartufo\/","og_locale":"es_ES","og_type":"article","og_title":"[:ca]MOLITERNO TARTUFO[:es]MOLITERNO TARTUFO[:] - Arnall","og_description":"Llet crua d\u00b4ovella. Sardenya (It\u00e0lia)","og_url":"https:\/\/www.arnall.cat\/product\/molitierno-tartufo\/","og_site_name":"Arnall","article_modified_time":"2024-12-17T07:43:02+00:00","og_image":[{"width":525,"height":525,"url":"https:\/\/www.arnall.cat\/wp-content\/uploads\/2020\/03\/pecorino-de-moliterno-al-tartufo-5-kilos.jpg","type":"image\/jpeg"}],"twitter_card":"summary_large_image","twitter_misc":{"Tiempo de lectura":"1 minuto"},"schema":{"@context":"https:\/\/schema.org","@graph":[{"@type":"WebPage","@id":"https:\/\/www.arnall.cat\/product\/molitierno-tartufo\/","url":"https:\/\/www.arnall.cat\/product\/molitierno-tartufo\/","name":"[:ca]MOLITERNO TARTUFO[:es]MOLITERNO TARTUFO[:] - Arnall","isPartOf":{"@id":"https:\/\/www.arnall.cat\/#website"},"primaryImageOfPage":{"@id":"https:\/\/www.arnall.cat\/product\/molitierno-tartufo\/#primaryimage"},"image":{"@id":"https:\/\/www.arnall.cat\/product\/molitierno-tartufo\/#primaryimage"},"thumbnailUrl":"https:\/\/www.arnall.cat\/wp-content\/uploads\/2020\/03\/pecorino-de-moliterno-al-tartufo-5-kilos.jpg","datePublished":"2020-03-05T10:57:30+00:00","dateModified":"2024-12-17T07:43:02+00:00","breadcrumb":{"@id":"https:\/\/www.arnall.cat\/product\/molitierno-tartufo\/#breadcrumb"},"inLanguage":"es","potentialAction":[{"@type":"ReadAction","target":["https:\/\/www.arnall.cat\/product\/molitierno-tartufo\/"]}]},{"@type":"ImageObject","inLanguage":"es","@id":"https:\/\/www.arnall.cat\/product\/molitierno-tartufo\/#primaryimage","url":"https:\/\/www.arnall.cat\/wp-content\/uploads\/2020\/03\/pecorino-de-moliterno-al-tartufo-5-kilos.jpg","contentUrl":"https:\/\/www.arnall.cat\/wp-content\/uploads\/2020\/03\/pecorino-de-moliterno-al-tartufo-5-kilos.jpg","width":525,"height":525},{"@type":"BreadcrumbList","@id":"https:\/\/www.arnall.cat\/product\/molitierno-tartufo\/#breadcrumb","itemListElement":[{"@type":"ListItem","position":1,"name":"Inici","item":"https:\/\/www.arnall.cat\/"},{"@type":"ListItem","position":2,"name":"Productos","item":"https:\/\/www.arnall.cat\/es\/productes\/"},{"@type":"ListItem","position":3,"name":"MOLITERNO TARTUFO"}]},{"@type":"WebSite","@id":"https:\/\/www.arnall.cat\/#website","url":"https:\/\/www.arnall.cat\/","name":"Arnall","description":"","potentialAction":[{"@type":"SearchAction","target":{"@type":"EntryPoint","urlTemplate":"https:\/\/www.arnall.cat\/?s={search_term_string}"},"query-input":{"@type":"PropertyValueSpecification","valueRequired":true,"valueName":"search_term_string"}}],"inLanguage":"es"}]}},"_links":{"self":[{"href":"https:\/\/www.arnall.cat\/es\/wp-json\/wp\/v2\/product\/6516"}],"collection":[{"href":"https:\/\/www.arnall.cat\/es\/wp-json\/wp\/v2\/product"}],"about":[{"href":"https:\/\/www.arnall.cat\/es\/wp-json\/wp\/v2\/types\/product"}],"wp:featuredmedia":[{"embeddable":true,"href":"https:\/\/www.arnall.cat\/es\/wp-json\/wp\/v2\/media\/7723"}],"wp:attachment":[{"href":"https:\/\/www.arnall.cat\/es\/wp-json\/wp\/v2\/media?parent=6516"}],"curies":[{"name":"wp","href":"https:\/\/api.w.org\/{rel}","templated":true}]}}