{"id":6551,"date":"2020-03-05T10:57:32","date_gmt":"2020-03-05T10:57:32","guid":{"rendered":"http:\/\/www.arnall.cat\/product\/torta-casar\/"},"modified":"2022-11-29T13:57:09","modified_gmt":"2022-11-29T11:57:09","slug":"torta-casar","status":"publish","type":"product","link":"https:\/\/www.arnall.cat\/es\/product\/torta-casar\/","title":{"rendered":"TORTA CASAR"},"content":{"rendered":"<p>Molt crem\u00f3s, molt intens, poc salat i lleugerament amarg. Maduraci\u00f3 m\u00ednim 60 dies. S&#8217;ha de consumir a temperatura ambient.<br \/>\n<\/p>","protected":false},"excerpt":{"rendered":"<p>Llet crua d&#8217;ovella. Extremadura.<\/p>\n","protected":false},"featured_media":9030,"template":"","meta":[],"class_list":{"0":"post-6551","1":"product","2":"type-product","3":"status-publish","4":"has-post-thumbnail","6":"product_cat-7-formatges","7":"product_cat-3-altres-formatges-espanyols","9":"first","10":"instock","11":"shipping-taxable","12":"purchasable","13":"product-type-simple"},"yoast_head":"<!-- This site is optimized with the Yoast SEO plugin v24.1 - https:\/\/yoast.com\/wordpress\/plugins\/seo\/ -->\n<title>TORTA CASAR - Arnall<\/title>\n<meta name=\"robots\" content=\"index, follow, max-snippet:-1, max-image-preview:large, max-video-preview:-1\" \/>\n<link rel=\"canonical\" href=\"https:\/\/www.arnall.cat\/product\/torta-casar\/\" \/>\n<meta property=\"og:locale\" content=\"es_ES\" \/>\n<meta property=\"og:type\" content=\"article\" \/>\n<meta property=\"og:title\" content=\"[:ca]TORTA CASAR[:es]TORTA CASAR[:] - Arnall\" \/>\n<meta property=\"og:description\" content=\"[:ca]Llet crua d&#039;ovella. Extremadura.[:es]Llet crua d&#039;ovella. Extremadura. [:]\" \/>\n<meta property=\"og:url\" content=\"https:\/\/www.arnall.cat\/product\/torta-casar\/\" \/>\n<meta property=\"og:site_name\" content=\"Arnall\" \/>\n<meta property=\"article:modified_time\" content=\"2022-11-29T11:57:09+00:00\" \/>\n<meta property=\"og:image\" content=\"https:\/\/www.arnall.cat\/wp-content\/uploads\/2020\/03\/torta.png\" \/>\n\t<meta property=\"og:image:width\" content=\"500\" \/>\n\t<meta property=\"og:image:height\" content=\"421\" \/>\n\t<meta property=\"og:image:type\" content=\"image\/png\" \/>\n<meta name=\"twitter:card\" content=\"summary_large_image\" \/>\n<meta name=\"twitter:label1\" content=\"Tiempo de lectura\" \/>\n\t<meta name=\"twitter:data1\" content=\"1 minuto\" \/>\n<script type=\"application\/ld+json\" class=\"yoast-schema-graph\">{\"@context\":\"https:\/\/schema.org\",\"@graph\":[{\"@type\":\"WebPage\",\"@id\":\"https:\/\/www.arnall.cat\/product\/torta-casar\/\",\"url\":\"https:\/\/www.arnall.cat\/product\/torta-casar\/\",\"name\":\"[:ca]TORTA CASAR[:es]TORTA CASAR[:] - Arnall\",\"isPartOf\":{\"@id\":\"https:\/\/www.arnall.cat\/#website\"},\"primaryImageOfPage\":{\"@id\":\"https:\/\/www.arnall.cat\/product\/torta-casar\/#primaryimage\"},\"image\":{\"@id\":\"https:\/\/www.arnall.cat\/product\/torta-casar\/#primaryimage\"},\"thumbnailUrl\":\"https:\/\/www.arnall.cat\/wp-content\/uploads\/2020\/03\/torta.png\",\"datePublished\":\"2020-03-05T10:57:32+00:00\",\"dateModified\":\"2022-11-29T11:57:09+00:00\",\"breadcrumb\":{\"@id\":\"https:\/\/www.arnall.cat\/product\/torta-casar\/#breadcrumb\"},\"inLanguage\":\"es\",\"potentialAction\":[{\"@type\":\"ReadAction\",\"target\":[\"https:\/\/www.arnall.cat\/product\/torta-casar\/\"]}]},{\"@type\":\"ImageObject\",\"inLanguage\":\"es\",\"@id\":\"https:\/\/www.arnall.cat\/product\/torta-casar\/#primaryimage\",\"url\":\"https:\/\/www.arnall.cat\/wp-content\/uploads\/2020\/03\/torta.png\",\"contentUrl\":\"https:\/\/www.arnall.cat\/wp-content\/uploads\/2020\/03\/torta.png\",\"width\":500,\"height\":421},{\"@type\":\"BreadcrumbList\",\"@id\":\"https:\/\/www.arnall.cat\/product\/torta-casar\/#breadcrumb\",\"itemListElement\":[{\"@type\":\"ListItem\",\"position\":1,\"name\":\"Inici\",\"item\":\"https:\/\/www.arnall.cat\/\"},{\"@type\":\"ListItem\",\"position\":2,\"name\":\"Productos\",\"item\":\"https:\/\/www.arnall.cat\/es\/productes\/\"},{\"@type\":\"ListItem\",\"position\":3,\"name\":\"TORTA CASAR\"}]},{\"@type\":\"WebSite\",\"@id\":\"https:\/\/www.arnall.cat\/#website\",\"url\":\"https:\/\/www.arnall.cat\/\",\"name\":\"Arnall\",\"description\":\"\",\"potentialAction\":[{\"@type\":\"SearchAction\",\"target\":{\"@type\":\"EntryPoint\",\"urlTemplate\":\"https:\/\/www.arnall.cat\/?s={search_term_string}\"},\"query-input\":{\"@type\":\"PropertyValueSpecification\",\"valueRequired\":true,\"valueName\":\"search_term_string\"}}],\"inLanguage\":\"es\"}]}<\/script>\n<!-- \/ Yoast SEO plugin. -->","yoast_head_json":{"title":"[:ca]TORTA CASAR[:es]TORTA CASAR[:] - Arnall","robots":{"index":"index","follow":"follow","max-snippet":"max-snippet:-1","max-image-preview":"max-image-preview:large","max-video-preview":"max-video-preview:-1"},"canonical":"https:\/\/www.arnall.cat\/product\/torta-casar\/","og_locale":"es_ES","og_type":"article","og_title":"[:ca]TORTA CASAR[:es]TORTA CASAR[:] - Arnall","og_description":"[:ca]Llet crua d'ovella. Extremadura.[:es]Llet crua d'ovella. Extremadura. [:]","og_url":"https:\/\/www.arnall.cat\/product\/torta-casar\/","og_site_name":"Arnall","article_modified_time":"2022-11-29T11:57:09+00:00","og_image":[{"width":500,"height":421,"url":"https:\/\/www.arnall.cat\/wp-content\/uploads\/2020\/03\/torta.png","type":"image\/png"}],"twitter_card":"summary_large_image","twitter_misc":{"Tiempo de lectura":"1 minuto"},"schema":{"@context":"https:\/\/schema.org","@graph":[{"@type":"WebPage","@id":"https:\/\/www.arnall.cat\/product\/torta-casar\/","url":"https:\/\/www.arnall.cat\/product\/torta-casar\/","name":"[:ca]TORTA CASAR[:es]TORTA CASAR[:] - Arnall","isPartOf":{"@id":"https:\/\/www.arnall.cat\/#website"},"primaryImageOfPage":{"@id":"https:\/\/www.arnall.cat\/product\/torta-casar\/#primaryimage"},"image":{"@id":"https:\/\/www.arnall.cat\/product\/torta-casar\/#primaryimage"},"thumbnailUrl":"https:\/\/www.arnall.cat\/wp-content\/uploads\/2020\/03\/torta.png","datePublished":"2020-03-05T10:57:32+00:00","dateModified":"2022-11-29T11:57:09+00:00","breadcrumb":{"@id":"https:\/\/www.arnall.cat\/product\/torta-casar\/#breadcrumb"},"inLanguage":"es","potentialAction":[{"@type":"ReadAction","target":["https:\/\/www.arnall.cat\/product\/torta-casar\/"]}]},{"@type":"ImageObject","inLanguage":"es","@id":"https:\/\/www.arnall.cat\/product\/torta-casar\/#primaryimage","url":"https:\/\/www.arnall.cat\/wp-content\/uploads\/2020\/03\/torta.png","contentUrl":"https:\/\/www.arnall.cat\/wp-content\/uploads\/2020\/03\/torta.png","width":500,"height":421},{"@type":"BreadcrumbList","@id":"https:\/\/www.arnall.cat\/product\/torta-casar\/#breadcrumb","itemListElement":[{"@type":"ListItem","position":1,"name":"Inici","item":"https:\/\/www.arnall.cat\/"},{"@type":"ListItem","position":2,"name":"Productos","item":"https:\/\/www.arnall.cat\/es\/productes\/"},{"@type":"ListItem","position":3,"name":"TORTA CASAR"}]},{"@type":"WebSite","@id":"https:\/\/www.arnall.cat\/#website","url":"https:\/\/www.arnall.cat\/","name":"Arnall","description":"","potentialAction":[{"@type":"SearchAction","target":{"@type":"EntryPoint","urlTemplate":"https:\/\/www.arnall.cat\/?s={search_term_string}"},"query-input":{"@type":"PropertyValueSpecification","valueRequired":true,"valueName":"search_term_string"}}],"inLanguage":"es"}]}},"_links":{"self":[{"href":"https:\/\/www.arnall.cat\/es\/wp-json\/wp\/v2\/product\/6551"}],"collection":[{"href":"https:\/\/www.arnall.cat\/es\/wp-json\/wp\/v2\/product"}],"about":[{"href":"https:\/\/www.arnall.cat\/es\/wp-json\/wp\/v2\/types\/product"}],"wp:featuredmedia":[{"embeddable":true,"href":"https:\/\/www.arnall.cat\/es\/wp-json\/wp\/v2\/media\/9030"}],"wp:attachment":[{"href":"https:\/\/www.arnall.cat\/es\/wp-json\/wp\/v2\/media?parent=6551"}],"curies":[{"name":"wp","href":"https:\/\/api.w.org\/{rel}","templated":true}]}}