{"id":6658,"date":"2020-03-05T10:57:36","date_gmt":"2020-03-05T10:57:36","guid":{"rendered":"http:\/\/www.arnall.cat\/product\/galetes-jungla-xoco-llet-santi\/"},"modified":"2022-11-30T11:27:19","modified_gmt":"2022-11-30T09:27:19","slug":"galetes-jungla-xoco-llet-santi","status":"publish","type":"product","link":"https:\/\/www.arnall.cat\/es\/product\/galetes-jungla-xoco-llet-santi\/","title":{"rendered":"KOMBUCHA HIBISCUS BIO 250 SANT"},"content":{"rendered":"","protected":false},"excerpt":{"rendered":"<p class=\"qtranxs-available-languages-message qtranxs-available-languages-message-es\">Disculpa, pero esta entrada est\u00e1 disponible s\u00f3lo en <a href=\"https:\/\/www.arnall.cat\/ca\/wp-json\/wp\/v2\/product\/6658\" class=\"qtranxs-available-language-link qtranxs-available-language-link-ca\" title=\"Catal\u00e0\">Catal\u00e0<\/a>.<\/p>\n","protected":false},"featured_media":10359,"template":"","meta":[],"class_list":{"0":"post-6658","1":"product","2":"type-product","3":"status-publish","4":"has-post-thumbnail","6":"product_cat-9-ecologics","7":"product_cat-9a-1-pans-cereals-i-altres-esmorzars","8":"product_cat-j-altres","9":"product_cat-19-11-cereals-i-galetes","10":"product_cat-k-sense-gluten","11":"product_cat-20-3-altres-productes-sense-gluten","13":"first","14":"instock","15":"shipping-taxable","16":"purchasable","17":"product-type-simple"},"yoast_head":"<!-- This site is optimized with the Yoast SEO plugin v24.1 - https:\/\/yoast.com\/wordpress\/plugins\/seo\/ -->\n<title>KOMBUCHA HIBISCUS BIO 250 SANT - Arnall<\/title>\n<meta name=\"robots\" content=\"index, follow, max-snippet:-1, max-image-preview:large, max-video-preview:-1\" \/>\n<link rel=\"canonical\" href=\"https:\/\/www.arnall.cat\/es\/product\/galetes-jungla-xoco-llet-santi\/\" \/>\n<meta property=\"og:locale\" content=\"es_ES\" \/>\n<meta property=\"og:type\" content=\"article\" \/>\n<meta property=\"og:title\" content=\"[:ca]KOMBUCHA HIBISCUS BIO 250 SANT[:es]KOMBUCHA HIBISCUS BIO 250 SANT[:] - Arnall\" \/>\n<meta property=\"og:description\" content=\"[:ca]Mid\u00f3 de blat de moro, cobertura de xocolata amb llet (15%) [sucre, mantega de cacau, llet sencera en pols, pasta de cacau, s\u00e8rum lacti, emulgent (lecitina de soja), aroma], olis vegetals (gira-sol, oliva) ( 11%), sucre mor\u00e8 de canya integral, farina de blat de moro, maltodextrina de patata, gelificant (fosfat de dialmid\u00f3n acetilat), dextrina de blat de moro, prote\u00efna de soja, inulina, fibra de c\u00edtrics, aromes, emulgent (lecitina de gira-sol), gasificants (bicarbonat am\u00f2nic, bicarbonat s\u00f2dic), sal, antioxidant (extracte ric en tocoferols), \u00e0cid f\u00f2lic (\u00e0cid pteroilmonoglut\u00e1mico). Pot contenir traces de fruits de closca i cacauets.[:]\" \/>\n<meta property=\"og:url\" content=\"https:\/\/www.arnall.cat\/es\/product\/galetes-jungla-xoco-llet-santi\/\" \/>\n<meta property=\"og:site_name\" content=\"Arnall\" \/>\n<meta property=\"article:modified_time\" content=\"2022-11-30T09:27:19+00:00\" \/>\n<meta property=\"og:image\" content=\"https:\/\/www.arnall.cat\/wp-content\/uploads\/2020\/03\/Galetes-jungla-xoco-santiveri.jpg\" \/>\n\t<meta property=\"og:image:width\" content=\"1080\" \/>\n\t<meta property=\"og:image:height\" content=\"1080\" \/>\n\t<meta property=\"og:image:type\" content=\"image\/jpeg\" \/>\n<meta name=\"twitter:card\" content=\"summary_large_image\" \/>\n<script type=\"application\/ld+json\" class=\"yoast-schema-graph\">{\"@context\":\"https:\/\/schema.org\",\"@graph\":[{\"@type\":\"WebPage\",\"@id\":\"https:\/\/www.arnall.cat\/es\/product\/galetes-jungla-xoco-llet-santi\/\",\"url\":\"https:\/\/www.arnall.cat\/es\/product\/galetes-jungla-xoco-llet-santi\/\",\"name\":\"[:ca]KOMBUCHA HIBISCUS BIO 250 SANT[:es]KOMBUCHA HIBISCUS BIO 250 SANT[:] - Arnall\",\"isPartOf\":{\"@id\":\"https:\/\/www.arnall.cat\/#website\"},\"primaryImageOfPage\":{\"@id\":\"https:\/\/www.arnall.cat\/es\/product\/galetes-jungla-xoco-llet-santi\/#primaryimage\"},\"image\":{\"@id\":\"https:\/\/www.arnall.cat\/es\/product\/galetes-jungla-xoco-llet-santi\/#primaryimage\"},\"thumbnailUrl\":\"https:\/\/www.arnall.cat\/wp-content\/uploads\/2020\/03\/Galetes-jungla-xoco-santiveri.jpg\",\"datePublished\":\"2020-03-05T10:57:36+00:00\",\"dateModified\":\"2022-11-30T09:27:19+00:00\",\"breadcrumb\":{\"@id\":\"https:\/\/www.arnall.cat\/es\/product\/galetes-jungla-xoco-llet-santi\/#breadcrumb\"},\"inLanguage\":\"es\",\"potentialAction\":[{\"@type\":\"ReadAction\",\"target\":[\"https:\/\/www.arnall.cat\/es\/product\/galetes-jungla-xoco-llet-santi\/\"]}]},{\"@type\":\"ImageObject\",\"inLanguage\":\"es\",\"@id\":\"https:\/\/www.arnall.cat\/es\/product\/galetes-jungla-xoco-llet-santi\/#primaryimage\",\"url\":\"https:\/\/www.arnall.cat\/wp-content\/uploads\/2020\/03\/Galetes-jungla-xoco-santiveri.jpg\",\"contentUrl\":\"https:\/\/www.arnall.cat\/wp-content\/uploads\/2020\/03\/Galetes-jungla-xoco-santiveri.jpg\",\"width\":1080,\"height\":1080},{\"@type\":\"BreadcrumbList\",\"@id\":\"https:\/\/www.arnall.cat\/es\/product\/galetes-jungla-xoco-llet-santi\/#breadcrumb\",\"itemListElement\":[{\"@type\":\"ListItem\",\"position\":1,\"name\":\"Inici\",\"item\":\"https:\/\/www.arnall.cat\/\"},{\"@type\":\"ListItem\",\"position\":2,\"name\":\"Productos\",\"item\":\"https:\/\/www.arnall.cat\/es\/productes\/\"},{\"@type\":\"ListItem\",\"position\":3,\"name\":\"KOMBUCHA HIBISCUS BIO 250 SANT\"}]},{\"@type\":\"WebSite\",\"@id\":\"https:\/\/www.arnall.cat\/#website\",\"url\":\"https:\/\/www.arnall.cat\/\",\"name\":\"Arnall\",\"description\":\"\",\"potentialAction\":[{\"@type\":\"SearchAction\",\"target\":{\"@type\":\"EntryPoint\",\"urlTemplate\":\"https:\/\/www.arnall.cat\/?s={search_term_string}\"},\"query-input\":{\"@type\":\"PropertyValueSpecification\",\"valueRequired\":true,\"valueName\":\"search_term_string\"}}],\"inLanguage\":\"es\"}]}<\/script>\n<!-- \/ Yoast SEO plugin. -->","yoast_head_json":{"title":"[:ca]KOMBUCHA HIBISCUS BIO 250 SANT[:es]KOMBUCHA HIBISCUS BIO 250 SANT[:] - Arnall","robots":{"index":"index","follow":"follow","max-snippet":"max-snippet:-1","max-image-preview":"max-image-preview:large","max-video-preview":"max-video-preview:-1"},"canonical":"https:\/\/www.arnall.cat\/es\/product\/galetes-jungla-xoco-llet-santi\/","og_locale":"es_ES","og_type":"article","og_title":"[:ca]KOMBUCHA HIBISCUS BIO 250 SANT[:es]KOMBUCHA HIBISCUS BIO 250 SANT[:] - Arnall","og_description":"[:ca]Mid\u00f3 de blat de moro, cobertura de xocolata amb llet (15%) [sucre, mantega de cacau, llet sencera en pols, pasta de cacau, s\u00e8rum lacti, emulgent (lecitina de soja), aroma], olis vegetals (gira-sol, oliva) ( 11%), sucre mor\u00e8 de canya integral, farina de blat de moro, maltodextrina de patata, gelificant (fosfat de dialmid\u00f3n acetilat), dextrina de blat de moro, prote\u00efna de soja, inulina, fibra de c\u00edtrics, aromes, emulgent (lecitina de gira-sol), gasificants (bicarbonat am\u00f2nic, bicarbonat s\u00f2dic), sal, antioxidant (extracte ric en tocoferols), \u00e0cid f\u00f2lic (\u00e0cid pteroilmonoglut\u00e1mico). Pot contenir traces de fruits de closca i cacauets.[:]","og_url":"https:\/\/www.arnall.cat\/es\/product\/galetes-jungla-xoco-llet-santi\/","og_site_name":"Arnall","article_modified_time":"2022-11-30T09:27:19+00:00","og_image":[{"width":1080,"height":1080,"url":"https:\/\/www.arnall.cat\/wp-content\/uploads\/2020\/03\/Galetes-jungla-xoco-santiveri.jpg","type":"image\/jpeg"}],"twitter_card":"summary_large_image","schema":{"@context":"https:\/\/schema.org","@graph":[{"@type":"WebPage","@id":"https:\/\/www.arnall.cat\/es\/product\/galetes-jungla-xoco-llet-santi\/","url":"https:\/\/www.arnall.cat\/es\/product\/galetes-jungla-xoco-llet-santi\/","name":"[:ca]KOMBUCHA HIBISCUS BIO 250 SANT[:es]KOMBUCHA HIBISCUS BIO 250 SANT[:] - Arnall","isPartOf":{"@id":"https:\/\/www.arnall.cat\/#website"},"primaryImageOfPage":{"@id":"https:\/\/www.arnall.cat\/es\/product\/galetes-jungla-xoco-llet-santi\/#primaryimage"},"image":{"@id":"https:\/\/www.arnall.cat\/es\/product\/galetes-jungla-xoco-llet-santi\/#primaryimage"},"thumbnailUrl":"https:\/\/www.arnall.cat\/wp-content\/uploads\/2020\/03\/Galetes-jungla-xoco-santiveri.jpg","datePublished":"2020-03-05T10:57:36+00:00","dateModified":"2022-11-30T09:27:19+00:00","breadcrumb":{"@id":"https:\/\/www.arnall.cat\/es\/product\/galetes-jungla-xoco-llet-santi\/#breadcrumb"},"inLanguage":"es","potentialAction":[{"@type":"ReadAction","target":["https:\/\/www.arnall.cat\/es\/product\/galetes-jungla-xoco-llet-santi\/"]}]},{"@type":"ImageObject","inLanguage":"es","@id":"https:\/\/www.arnall.cat\/es\/product\/galetes-jungla-xoco-llet-santi\/#primaryimage","url":"https:\/\/www.arnall.cat\/wp-content\/uploads\/2020\/03\/Galetes-jungla-xoco-santiveri.jpg","contentUrl":"https:\/\/www.arnall.cat\/wp-content\/uploads\/2020\/03\/Galetes-jungla-xoco-santiveri.jpg","width":1080,"height":1080},{"@type":"BreadcrumbList","@id":"https:\/\/www.arnall.cat\/es\/product\/galetes-jungla-xoco-llet-santi\/#breadcrumb","itemListElement":[{"@type":"ListItem","position":1,"name":"Inici","item":"https:\/\/www.arnall.cat\/"},{"@type":"ListItem","position":2,"name":"Productos","item":"https:\/\/www.arnall.cat\/es\/productes\/"},{"@type":"ListItem","position":3,"name":"KOMBUCHA HIBISCUS BIO 250 SANT"}]},{"@type":"WebSite","@id":"https:\/\/www.arnall.cat\/#website","url":"https:\/\/www.arnall.cat\/","name":"Arnall","description":"","potentialAction":[{"@type":"SearchAction","target":{"@type":"EntryPoint","urlTemplate":"https:\/\/www.arnall.cat\/?s={search_term_string}"},"query-input":{"@type":"PropertyValueSpecification","valueRequired":true,"valueName":"search_term_string"}}],"inLanguage":"es"}]}},"_links":{"self":[{"href":"https:\/\/www.arnall.cat\/es\/wp-json\/wp\/v2\/product\/6658"}],"collection":[{"href":"https:\/\/www.arnall.cat\/es\/wp-json\/wp\/v2\/product"}],"about":[{"href":"https:\/\/www.arnall.cat\/es\/wp-json\/wp\/v2\/types\/product"}],"wp:featuredmedia":[{"embeddable":true,"href":"https:\/\/www.arnall.cat\/es\/wp-json\/wp\/v2\/media\/10359"}],"wp:attachment":[{"href":"https:\/\/www.arnall.cat\/es\/wp-json\/wp\/v2\/media?parent=6658"}],"curies":[{"name":"wp","href":"https:\/\/api.w.org\/{rel}","templated":true}]}}