{"id":6896,"date":"2020-03-05T10:57:45","date_gmt":"2020-03-05T10:57:45","guid":{"rendered":"http:\/\/www.arnall.cat\/product\/muesli-crunchy-xoco-santiveri\/"},"modified":"2022-11-30T11:27:21","modified_gmt":"2022-11-30T09:27:21","slug":"muesli-crunchy-xoco-santiveri","status":"publish","type":"product","link":"https:\/\/www.arnall.cat\/es\/product\/muesli-crunchy-xoco-santiveri\/","title":{"rendered":"MUESLI CRUNCHY XOCO SANTIVERI"},"content":{"rendered":"<p class=\"qtranxs-available-languages-message qtranxs-available-languages-message-es\">Disculpa, pero esta entrada est\u00e1 disponible s\u00f3lo en <a href=\"https:\/\/www.arnall.cat\/ca\/wp-json\/wp\/v2\/product\/6896\" class=\"qtranxs-available-language-link qtranxs-available-language-link-ca\" title=\"Catal\u00e0\">Catal\u00e0<\/a>.<\/p>","protected":false},"excerpt":{"rendered":"<p class=\"qtranxs-available-languages-message qtranxs-available-languages-message-es\">Disculpa, pero esta entrada est\u00e1 disponible s\u00f3lo en <a href=\"https:\/\/www.arnall.cat\/ca\/wp-json\/wp\/v2\/product\/6896\" class=\"qtranxs-available-language-link qtranxs-available-language-link-ca\" title=\"Catal\u00e0\">Catal\u00e0<\/a>.<\/p>\n","protected":false},"featured_media":10356,"template":"","meta":[],"class_list":{"0":"post-6896","1":"product","2":"type-product","3":"status-publish","4":"has-post-thumbnail","6":"product_cat-9-ecologics","7":"product_cat-9a-1-pans-cereals-i-altres-esmorzars","8":"product_cat-j-altres","9":"product_cat-19-11-cereals-i-galetes","11":"first","12":"instock","13":"shipping-taxable","14":"purchasable","15":"product-type-simple"},"yoast_head":"<!-- This site is optimized with the Yoast SEO plugin v24.1 - https:\/\/yoast.com\/wordpress\/plugins\/seo\/ -->\n<title>MUESLI CRUNCHY XOCO SANTIVERI - Arnall<\/title>\n<meta name=\"robots\" content=\"index, follow, max-snippet:-1, max-image-preview:large, max-video-preview:-1\" \/>\n<link rel=\"canonical\" href=\"https:\/\/www.arnall.cat\/es\/product\/muesli-crunchy-xoco-santiveri\/\" \/>\n<meta property=\"og:locale\" content=\"es_ES\" \/>\n<meta property=\"og:type\" content=\"article\" \/>\n<meta property=\"og:title\" content=\"[:ca]MUESLY CRUNCHY XOCO SANTIVERI[:es]MUESLI CRUNCHY XOCO SANTIVERI[:] - Arnall\" \/>\n<meta property=\"og:description\" content=\"[:ca]Flocs de Civada, Flocs de Blat, Sucre de Canya, Oli de Gira-sol, Cacau en Pols, Sucre de Canya, Coco, Arr\u00f2s Extruido Farina de Blat, Malta d&#039;Ordi, Xarop de Glucosa, Mid\u00f3 de Blat, Xocolata amb Llet, Mantega de cacau, Pasta de cacau, Aromatitzaci\u00f3 Natural de Vainilla, Mel, Gluten de Blat, Xarop de Caramel, Antioxidant Tocoferol[:]\" \/>\n<meta property=\"og:url\" content=\"https:\/\/www.arnall.cat\/es\/product\/muesli-crunchy-xoco-santiveri\/\" \/>\n<meta property=\"og:site_name\" content=\"Arnall\" \/>\n<meta property=\"article:modified_time\" content=\"2022-11-30T09:27:21+00:00\" \/>\n<meta property=\"og:image\" content=\"https:\/\/www.arnall.cat\/wp-content\/uploads\/2020\/03\/Crunchy-xocolata-santiveri.jpg\" \/>\n\t<meta property=\"og:image:width\" content=\"1080\" \/>\n\t<meta property=\"og:image:height\" content=\"1080\" \/>\n\t<meta property=\"og:image:type\" content=\"image\/jpeg\" \/>\n<meta name=\"twitter:card\" content=\"summary_large_image\" \/>\n<script type=\"application\/ld+json\" class=\"yoast-schema-graph\">{\"@context\":\"https:\/\/schema.org\",\"@graph\":[{\"@type\":\"WebPage\",\"@id\":\"https:\/\/www.arnall.cat\/es\/product\/muesli-crunchy-xoco-santiveri\/\",\"url\":\"https:\/\/www.arnall.cat\/es\/product\/muesli-crunchy-xoco-santiveri\/\",\"name\":\"[:ca]MUESLY CRUNCHY XOCO SANTIVERI[:es]MUESLI CRUNCHY XOCO SANTIVERI[:] - Arnall\",\"isPartOf\":{\"@id\":\"https:\/\/www.arnall.cat\/#website\"},\"primaryImageOfPage\":{\"@id\":\"https:\/\/www.arnall.cat\/es\/product\/muesli-crunchy-xoco-santiveri\/#primaryimage\"},\"image\":{\"@id\":\"https:\/\/www.arnall.cat\/es\/product\/muesli-crunchy-xoco-santiveri\/#primaryimage\"},\"thumbnailUrl\":\"https:\/\/www.arnall.cat\/wp-content\/uploads\/2020\/03\/Crunchy-xocolata-santiveri.jpg\",\"datePublished\":\"2020-03-05T10:57:45+00:00\",\"dateModified\":\"2022-11-30T09:27:21+00:00\",\"breadcrumb\":{\"@id\":\"https:\/\/www.arnall.cat\/es\/product\/muesli-crunchy-xoco-santiveri\/#breadcrumb\"},\"inLanguage\":\"es\",\"potentialAction\":[{\"@type\":\"ReadAction\",\"target\":[\"https:\/\/www.arnall.cat\/es\/product\/muesli-crunchy-xoco-santiveri\/\"]}]},{\"@type\":\"ImageObject\",\"inLanguage\":\"es\",\"@id\":\"https:\/\/www.arnall.cat\/es\/product\/muesli-crunchy-xoco-santiveri\/#primaryimage\",\"url\":\"https:\/\/www.arnall.cat\/wp-content\/uploads\/2020\/03\/Crunchy-xocolata-santiveri.jpg\",\"contentUrl\":\"https:\/\/www.arnall.cat\/wp-content\/uploads\/2020\/03\/Crunchy-xocolata-santiveri.jpg\",\"width\":1080,\"height\":1080},{\"@type\":\"BreadcrumbList\",\"@id\":\"https:\/\/www.arnall.cat\/es\/product\/muesli-crunchy-xoco-santiveri\/#breadcrumb\",\"itemListElement\":[{\"@type\":\"ListItem\",\"position\":1,\"name\":\"Inici\",\"item\":\"https:\/\/www.arnall.cat\/\"},{\"@type\":\"ListItem\",\"position\":2,\"name\":\"Productos\",\"item\":\"https:\/\/www.arnall.cat\/es\/productes\/\"},{\"@type\":\"ListItem\",\"position\":3,\"name\":\"MUESLI CRUNCHY XOCO SANTIVERI\"}]},{\"@type\":\"WebSite\",\"@id\":\"https:\/\/www.arnall.cat\/#website\",\"url\":\"https:\/\/www.arnall.cat\/\",\"name\":\"Arnall\",\"description\":\"\",\"potentialAction\":[{\"@type\":\"SearchAction\",\"target\":{\"@type\":\"EntryPoint\",\"urlTemplate\":\"https:\/\/www.arnall.cat\/?s={search_term_string}\"},\"query-input\":{\"@type\":\"PropertyValueSpecification\",\"valueRequired\":true,\"valueName\":\"search_term_string\"}}],\"inLanguage\":\"es\"}]}<\/script>\n<!-- \/ Yoast SEO plugin. -->","yoast_head_json":{"title":"[:ca]MUESLY CRUNCHY XOCO SANTIVERI[:es]MUESLI CRUNCHY XOCO SANTIVERI[:] - Arnall","robots":{"index":"index","follow":"follow","max-snippet":"max-snippet:-1","max-image-preview":"max-image-preview:large","max-video-preview":"max-video-preview:-1"},"canonical":"https:\/\/www.arnall.cat\/es\/product\/muesli-crunchy-xoco-santiveri\/","og_locale":"es_ES","og_type":"article","og_title":"[:ca]MUESLY CRUNCHY XOCO SANTIVERI[:es]MUESLI CRUNCHY XOCO SANTIVERI[:] - Arnall","og_description":"[:ca]Flocs de Civada, Flocs de Blat, Sucre de Canya, Oli de Gira-sol, Cacau en Pols, Sucre de Canya, Coco, Arr\u00f2s Extruido Farina de Blat, Malta d'Ordi, Xarop de Glucosa, Mid\u00f3 de Blat, Xocolata amb Llet, Mantega de cacau, Pasta de cacau, Aromatitzaci\u00f3 Natural de Vainilla, Mel, Gluten de Blat, Xarop de Caramel, Antioxidant Tocoferol[:]","og_url":"https:\/\/www.arnall.cat\/es\/product\/muesli-crunchy-xoco-santiveri\/","og_site_name":"Arnall","article_modified_time":"2022-11-30T09:27:21+00:00","og_image":[{"width":1080,"height":1080,"url":"https:\/\/www.arnall.cat\/wp-content\/uploads\/2020\/03\/Crunchy-xocolata-santiveri.jpg","type":"image\/jpeg"}],"twitter_card":"summary_large_image","schema":{"@context":"https:\/\/schema.org","@graph":[{"@type":"WebPage","@id":"https:\/\/www.arnall.cat\/es\/product\/muesli-crunchy-xoco-santiveri\/","url":"https:\/\/www.arnall.cat\/es\/product\/muesli-crunchy-xoco-santiveri\/","name":"[:ca]MUESLY CRUNCHY XOCO SANTIVERI[:es]MUESLI CRUNCHY XOCO SANTIVERI[:] - Arnall","isPartOf":{"@id":"https:\/\/www.arnall.cat\/#website"},"primaryImageOfPage":{"@id":"https:\/\/www.arnall.cat\/es\/product\/muesli-crunchy-xoco-santiveri\/#primaryimage"},"image":{"@id":"https:\/\/www.arnall.cat\/es\/product\/muesli-crunchy-xoco-santiveri\/#primaryimage"},"thumbnailUrl":"https:\/\/www.arnall.cat\/wp-content\/uploads\/2020\/03\/Crunchy-xocolata-santiveri.jpg","datePublished":"2020-03-05T10:57:45+00:00","dateModified":"2022-11-30T09:27:21+00:00","breadcrumb":{"@id":"https:\/\/www.arnall.cat\/es\/product\/muesli-crunchy-xoco-santiveri\/#breadcrumb"},"inLanguage":"es","potentialAction":[{"@type":"ReadAction","target":["https:\/\/www.arnall.cat\/es\/product\/muesli-crunchy-xoco-santiveri\/"]}]},{"@type":"ImageObject","inLanguage":"es","@id":"https:\/\/www.arnall.cat\/es\/product\/muesli-crunchy-xoco-santiveri\/#primaryimage","url":"https:\/\/www.arnall.cat\/wp-content\/uploads\/2020\/03\/Crunchy-xocolata-santiveri.jpg","contentUrl":"https:\/\/www.arnall.cat\/wp-content\/uploads\/2020\/03\/Crunchy-xocolata-santiveri.jpg","width":1080,"height":1080},{"@type":"BreadcrumbList","@id":"https:\/\/www.arnall.cat\/es\/product\/muesli-crunchy-xoco-santiveri\/#breadcrumb","itemListElement":[{"@type":"ListItem","position":1,"name":"Inici","item":"https:\/\/www.arnall.cat\/"},{"@type":"ListItem","position":2,"name":"Productos","item":"https:\/\/www.arnall.cat\/es\/productes\/"},{"@type":"ListItem","position":3,"name":"MUESLI CRUNCHY XOCO SANTIVERI"}]},{"@type":"WebSite","@id":"https:\/\/www.arnall.cat\/#website","url":"https:\/\/www.arnall.cat\/","name":"Arnall","description":"","potentialAction":[{"@type":"SearchAction","target":{"@type":"EntryPoint","urlTemplate":"https:\/\/www.arnall.cat\/?s={search_term_string}"},"query-input":{"@type":"PropertyValueSpecification","valueRequired":true,"valueName":"search_term_string"}}],"inLanguage":"es"}]}},"_links":{"self":[{"href":"https:\/\/www.arnall.cat\/es\/wp-json\/wp\/v2\/product\/6896"}],"collection":[{"href":"https:\/\/www.arnall.cat\/es\/wp-json\/wp\/v2\/product"}],"about":[{"href":"https:\/\/www.arnall.cat\/es\/wp-json\/wp\/v2\/types\/product"}],"wp:featuredmedia":[{"embeddable":true,"href":"https:\/\/www.arnall.cat\/es\/wp-json\/wp\/v2\/media\/10356"}],"wp:attachment":[{"href":"https:\/\/www.arnall.cat\/es\/wp-json\/wp\/v2\/media?parent=6896"}],"curies":[{"name":"wp","href":"https:\/\/api.w.org\/{rel}","templated":true}]}}